{"id":880,"date":"2024-08-16T10:04:44","date_gmt":"2024-08-16T08:04:44","guid":{"rendered":"http:\/\/millerquina.com\/?page_id=880"},"modified":"2024-08-16T10:41:27","modified_gmt":"2024-08-16T08:41:27","slug":"declaracion-de-accesibilidad","status":"publish","type":"page","link":"https:\/\/millerquina.com\/en\/declaracion-de-accesibilidad\/","title":{"rendered":"Declaraci\u00f3n de accesibilidad"},"content":{"rendered":"<p>[et_pb_section fb_built=\u00bb1&#8243; _builder_version=\u00bb4.25.0&#8243; _module_preset=\u00bbdefault\u00bb background_image=\u00bbhttp:\/\/millerquina.com\/wp-content\/uploads\/2024\/08\/banner-aviso-legal-1.jpg\u00bb height=\u00bb50vh\u00bb locked=\u00bboff\u00bb global_colors_info=\u00bb{}\u00bb][et_pb_row _builder_version=\u00bb4.25.0&#8243; _module_preset=\u00bbdefault\u00bb global_colors_info=\u00bb{}\u00bb][et_pb_column type=\u00bb4_4&#8243; _builder_version=\u00bb4.25.0&#8243; _module_preset=\u00bbdefault\u00bb global_colors_info=\u00bb{}\u00bb][et_pb_text _builder_version=\u00bb4.25.0&#8243; _module_preset=\u00bbdefault\u00bb header_2_text_align=\u00bbcenter\u00bb header_2_text_color=\u00bb#FFFFFF\u00bb header_2_font_size=\u00bb48px\u00bb header_2_line_height=\u00bb1.2em\u00bb global_colors_info=\u00bb{}\u00bb]<\/p>\n<h2>Declaraci\u00f3n de accesibilidad<\/h2>\n<p>[\/et_pb_text][\/et_pb_column][\/et_pb_row][\/et_pb_section][et_pb_section fb_built=\u00bb1&#8243; _builder_version=\u00bb4.25.0&#8243; _module_preset=\u00bbdefault\u00bb global_colors_info=\u00bb{}\u00bb][et_pb_row _builder_version=\u00bb4.25.0&#8243; _module_preset=\u00bbdefault\u00bb global_colors_info=\u00bb{}\u00bb][et_pb_column type=\u00bb4_4&#8243; _builder_version=\u00bb4.25.0&#8243; _module_preset=\u00bbdefault\u00bb global_colors_info=\u00bb{}\u00bb][et_pb_text _builder_version=\u00bb4.25.0&#8243; _module_preset=\u00bbdefault\u00bb text_font=\u00bb&#8211;et_global_body_font||||||||\u00bb text_font_size=\u00bb18px\u00bb hover_enabled=\u00bb0&#8243; global_colors_info=\u00bb{}\u00bb sticky_enabled=\u00bb0&#8243;]<\/p>\n<p>El organismo<b><span> Millerquina <\/span><\/b>se ha comprometido a hacer accesible<span>\u00a0<\/span><a href=\"https:\/\/millerquina.com\">https:\/\/millerquina.com<\/a>\u00a0de conformidad con el<span>\u00a0<\/span><a href=\"https:\/\/www.boe.es\/buscar\/act.php?id=BOE-A-2018-12699\" target=\"_blank\" rel=\"noopener\">Real Decreto 1112\/2018, de 7 de septiembre, sobre accesibilidad de los sitios web y aplicaciones para dispositivos m\u00f3viles del sector p\u00fablico<\/a>.<\/p>\n<div class=\"mkdf-row-grid-section-wrapper mkdf-content-aligment-left\">\n<div class=\"mkdf-row-grid-section\">\n<div class=\"vc_row wpb_row vc_row-fluid vc_row-o-content-top vc_row-flex\">\n<div class=\"wpb_column vc_column_container vc_col-sm-12 vc_col-lg-offset-0 vc_col-lg-12 vc_col-md-offset-0 vc_col-md-12 vc_col-sm-offset-0\">\n<div class=\"vc_column-inner\">\n<div class=\"wpb_wrapper\">\n<div class=\"wpb_text_column wpb_content_element \">\n<div class=\"wpb_wrapper\">\n<p>La presente declaraci\u00f3n de accesibilidad se aplica al sitio web<span>\u00a0<\/span><a href=\"https:\/\/millerquina.com\">https:\/\/millerquina.com<\/a>. Este sitio web es plenamente conforme con<span>\u00a0<\/span><strong>RD 1112\/2018<\/strong>. La presente declaraci\u00f3n fue preparada el 16 de agosto de 2024.<\/p>\n<p>El m\u00e9todo empleado para preparar la declaraci\u00f3n ha sido una autoevaluaci\u00f3n llevada a cabo por el propio<br \/>organismo.<\/p>\n<p>\u00daltima revisi\u00f3n de la declaraci\u00f3n: 16 de agosto de 2024.<\/p>\n<\/div>\n<\/div>\n<\/div>\n<\/div>\n<\/div>\n<\/div>\n<\/div>\n<\/div>\n<p>[\/et_pb_text][\/et_pb_column][\/et_pb_row][\/et_pb_section]<\/p>\n","protected":false},"excerpt":{"rendered":"<p>Declaraci\u00f3n de accesibilidadEl organismo Millerquina se ha comprometido a hacer accesible\u00a0https:\/\/millerquina.com\u00a0de conformidad con el\u00a0Real Decreto 1112\/2018, de 7 de septiembre, sobre accesibilidad de los sitios web y aplicaciones para dispositivos m\u00f3viles del sector p\u00fablico. La presente declaraci\u00f3n de accesibilidad se aplica al sitio web\u00a0https:\/\/millerquina.com. Este sitio web es plenamente conforme con\u00a0RD 1112\/2018. La presente declaraci\u00f3n [&hellip;]<\/p>\n","protected":false},"author":1,"featured_media":0,"parent":0,"menu_order":0,"comment_status":"closed","ping_status":"closed","template":"","meta":{"_et_pb_use_builder":"on","_et_pb_old_content":"","_et_gb_content_width":"","footnotes":""},"class_list":["post-880","page","type-page","status-publish","hentry"],"yoast_head":"<!-- This site is optimized with the Yoast SEO plugin v27.1.1 - https:\/\/yoast.com\/product\/yoast-seo-wordpress\/ -->\r\n<title>Declaraci\u00f3n de accesibilidad - Millerquina<\/title>\r\n<meta name=\"robots\" content=\"index, follow, max-snippet:-1, max-image-preview:large, max-video-preview:-1\" \/>\r\n<link rel=\"canonical\" href=\"https:\/\/millerquina.com\/en\/declaracion-de-accesibilidad\/\" \/>\r\n<meta property=\"og:locale\" content=\"en_GB\" \/>\r\n<meta property=\"og:type\" content=\"article\" \/>\r\n<meta property=\"og:title\" content=\"Declaraci\u00f3n de accesibilidad - Millerquina\" \/>\r\n<meta property=\"og:description\" content=\"Declaraci\u00f3n de accesibilidadEl organismo Millerquina se ha comprometido a hacer accesible\u00a0https:\/\/millerquina.com\u00a0de conformidad con el\u00a0Real Decreto 1112\/2018, de 7 de septiembre, sobre accesibilidad de los sitios web y aplicaciones para dispositivos m\u00f3viles del sector p\u00fablico. La presente declaraci\u00f3n de accesibilidad se aplica al sitio web\u00a0https:\/\/millerquina.com. Este sitio web es plenamente conforme con\u00a0RD 1112\/2018. La presente declaraci\u00f3n [&hellip;]\" \/>\r\n<meta property=\"og:url\" content=\"https:\/\/millerquina.com\/en\/declaracion-de-accesibilidad\/\" \/>\r\n<meta property=\"og:site_name\" content=\"Millerquina\" \/>\r\n<meta property=\"article:modified_time\" content=\"2024-08-16T08:41:27+00:00\" \/>\r\n<meta name=\"twitter:card\" content=\"summary_large_image\" \/>\r\n<meta name=\"twitter:label1\" content=\"Estimated reading time\" \/>\n\t<meta name=\"twitter:data1\" content=\"1 minute\" \/>\r\n<script type=\"application\/ld+json\" class=\"yoast-schema-graph\">{\"@context\":\"https:\/\/schema.org\",\"@graph\":[{\"@type\":\"WebPage\",\"@id\":\"https:\/\/millerquina.com\/declaracion-de-accesibilidad\/\",\"url\":\"https:\/\/millerquina.com\/declaracion-de-accesibilidad\/\",\"name\":\"Declaraci\u00f3n de accesibilidad - Millerquina\",\"isPartOf\":{\"@id\":\"https:\/\/millerquina.com\/#website\"},\"datePublished\":\"2024-08-16T08:04:44+00:00\",\"dateModified\":\"2024-08-16T08:41:27+00:00\",\"breadcrumb\":{\"@id\":\"https:\/\/millerquina.com\/declaracion-de-accesibilidad\/#breadcrumb\"},\"inLanguage\":\"en-GB\",\"potentialAction\":[{\"@type\":\"ReadAction\",\"target\":[\"https:\/\/millerquina.com\/declaracion-de-accesibilidad\/\"]}]},{\"@type\":\"BreadcrumbList\",\"@id\":\"https:\/\/millerquina.com\/declaracion-de-accesibilidad\/#breadcrumb\",\"itemListElement\":[{\"@type\":\"ListItem\",\"position\":1,\"name\":\"Portada\",\"item\":\"https:\/\/millerquina.com\/\"},{\"@type\":\"ListItem\",\"position\":2,\"name\":\"Declaraci\u00f3n de accesibilidad\"}]},{\"@type\":\"WebSite\",\"@id\":\"https:\/\/millerquina.com\/#website\",\"url\":\"https:\/\/millerquina.com\/\",\"name\":\"Millerquina\",\"description\":\"\",\"potentialAction\":[{\"@type\":\"SearchAction\",\"target\":{\"@type\":\"EntryPoint\",\"urlTemplate\":\"https:\/\/millerquina.com\/?s={search_term_string}\"},\"query-input\":{\"@type\":\"PropertyValueSpecification\",\"valueRequired\":true,\"valueName\":\"search_term_string\"}}],\"inLanguage\":\"en-GB\"}]}<\/script>\r\n<!-- \/ Yoast SEO plugin. -->","yoast_head_json":{"title":"Declaraci\u00f3n de accesibilidad - Millerquina","robots":{"index":"index","follow":"follow","max-snippet":"max-snippet:-1","max-image-preview":"max-image-preview:large","max-video-preview":"max-video-preview:-1"},"canonical":"https:\/\/millerquina.com\/en\/declaracion-de-accesibilidad\/","og_locale":"en_GB","og_type":"article","og_title":"Declaraci\u00f3n de accesibilidad - Millerquina","og_description":"Declaraci\u00f3n de accesibilidadEl organismo Millerquina se ha comprometido a hacer accesible\u00a0https:\/\/millerquina.com\u00a0de conformidad con el\u00a0Real Decreto 1112\/2018, de 7 de septiembre, sobre accesibilidad de los sitios web y aplicaciones para dispositivos m\u00f3viles del sector p\u00fablico. La presente declaraci\u00f3n de accesibilidad se aplica al sitio web\u00a0https:\/\/millerquina.com. Este sitio web es plenamente conforme con\u00a0RD 1112\/2018. La presente declaraci\u00f3n [&hellip;]","og_url":"https:\/\/millerquina.com\/en\/declaracion-de-accesibilidad\/","og_site_name":"Millerquina","article_modified_time":"2024-08-16T08:41:27+00:00","twitter_card":"summary_large_image","twitter_misc":{"Estimated reading time":"1 minute"},"schema":{"@context":"https:\/\/schema.org","@graph":[{"@type":"WebPage","@id":"https:\/\/millerquina.com\/declaracion-de-accesibilidad\/","url":"https:\/\/millerquina.com\/declaracion-de-accesibilidad\/","name":"Declaraci\u00f3n de accesibilidad - Millerquina","isPartOf":{"@id":"https:\/\/millerquina.com\/#website"},"datePublished":"2024-08-16T08:04:44+00:00","dateModified":"2024-08-16T08:41:27+00:00","breadcrumb":{"@id":"https:\/\/millerquina.com\/declaracion-de-accesibilidad\/#breadcrumb"},"inLanguage":"en-GB","potentialAction":[{"@type":"ReadAction","target":["https:\/\/millerquina.com\/declaracion-de-accesibilidad\/"]}]},{"@type":"BreadcrumbList","@id":"https:\/\/millerquina.com\/declaracion-de-accesibilidad\/#breadcrumb","itemListElement":[{"@type":"ListItem","position":1,"name":"Portada","item":"https:\/\/millerquina.com\/"},{"@type":"ListItem","position":2,"name":"Declaraci\u00f3n de accesibilidad"}]},{"@type":"WebSite","@id":"https:\/\/millerquina.com\/#website","url":"https:\/\/millerquina.com\/","name":"Millerquina","description":"","potentialAction":[{"@type":"SearchAction","target":{"@type":"EntryPoint","urlTemplate":"https:\/\/millerquina.com\/?s={search_term_string}"},"query-input":{"@type":"PropertyValueSpecification","valueRequired":true,"valueName":"search_term_string"}}],"inLanguage":"en-GB"}]}},"_links":{"self":[{"href":"https:\/\/millerquina.com\/en\/wp-json\/wp\/v2\/pages\/880","targetHints":{"allow":["GET"]}}],"collection":[{"href":"https:\/\/millerquina.com\/en\/wp-json\/wp\/v2\/pages"}],"about":[{"href":"https:\/\/millerquina.com\/en\/wp-json\/wp\/v2\/types\/page"}],"author":[{"embeddable":true,"href":"https:\/\/millerquina.com\/en\/wp-json\/wp\/v2\/users\/1"}],"replies":[{"embeddable":true,"href":"https:\/\/millerquina.com\/en\/wp-json\/wp\/v2\/comments?post=880"}],"version-history":[{"count":7,"href":"https:\/\/millerquina.com\/en\/wp-json\/wp\/v2\/pages\/880\/revisions"}],"predecessor-version":[{"id":890,"href":"https:\/\/millerquina.com\/en\/wp-json\/wp\/v2\/pages\/880\/revisions\/890"}],"wp:attachment":[{"href":"https:\/\/millerquina.com\/en\/wp-json\/wp\/v2\/media?parent=880"}],"curies":[{"name":"wp","href":"https:\/\/api.w.org\/{rel}","templated":true}]}}