{"id":602,"date":"2024-08-12T10:46:37","date_gmt":"2024-08-12T08:46:37","guid":{"rendered":"http:\/\/millerquina.com\/?page_id=602"},"modified":"2024-08-12T11:06:50","modified_gmt":"2024-08-12T09:06:50","slug":"aviso-legal","status":"publish","type":"page","link":"https:\/\/millerquina.com\/en\/aviso-legal\/","title":{"rendered":"Aviso legal"},"content":{"rendered":"<p>[et_pb_section fb_built=\u00bb1&#8243; _builder_version=\u00bb4.25.0&#8243; _module_preset=\u00bbdefault\u00bb background_image=\u00bbhttp:\/\/millerquina.com\/wp-content\/uploads\/2024\/08\/banner-aviso-legal-1.jpg\u00bb height=\u00bb50vh\u00bb global_colors_info=\u00bb{}\u00bb][et_pb_row _builder_version=\u00bb4.25.0&#8243; _module_preset=\u00bbdefault\u00bb global_colors_info=\u00bb{}\u00bb][et_pb_column type=\u00bb4_4&#8243; _builder_version=\u00bb4.25.0&#8243; _module_preset=\u00bbdefault\u00bb global_colors_info=\u00bb{}\u00bb][et_pb_text _builder_version=\u00bb4.25.0&#8243; _module_preset=\u00bbdefault\u00bb header_2_text_align=\u00bbcenter\u00bb header_2_text_color=\u00bb#FFFFFF\u00bb header_2_font_size=\u00bb48px\u00bb header_2_line_height=\u00bb1.2em\u00bb hover_enabled=\u00bb0&#8243; global_colors_info=\u00bb{}\u00bb sticky_enabled=\u00bb0&#8243;]<\/p>\n<h2>Aviso legal<\/h2>\n<p>[\/et_pb_text][\/et_pb_column][\/et_pb_row][\/et_pb_section][et_pb_section fb_built=\u00bb1&#8243; _builder_version=\u00bb4.25.0&#8243; _module_preset=\u00bbdefault\u00bb global_colors_info=\u00bb{}\u00bb][et_pb_row _builder_version=\u00bb4.25.0&#8243; _module_preset=\u00bbdefault\u00bb global_colors_info=\u00bb{}\u00bb][et_pb_column type=\u00bb4_4&#8243; _builder_version=\u00bb4.25.0&#8243; _module_preset=\u00bbdefault\u00bb global_colors_info=\u00bb{}\u00bb][et_pb_text _builder_version=\u00bb4.25.0&#8243; _module_preset=\u00bbdefault\u00bb text_font=\u00bb|300|||||||\u00bb text_text_color=\u00bb#000000&#8243; text_font_size=\u00bb18px\u00bb text_line_height=\u00bb1.5em\u00bb global_colors_info=\u00bb{}\u00bb]T\u00e9rminos y condiciones[\/et_pb_text][et_pb_divider color=\u00bb#c9c9c9&#8243; _builder_version=\u00bb4.25.0&#8243; _module_preset=\u00bbdefault\u00bb global_colors_info=\u00bb{}\u00bb][\/et_pb_divider][et_pb_text _builder_version=\u00bb4.25.0&#8243; _module_preset=\u00bbdefault\u00bb text_font=\u00bb|300|||||||\u00bb text_text_color=\u00bb#000000&#8243; text_font_size=\u00bb18px\u00bb text_line_height=\u00bb1.5em\u00bb hover_enabled=\u00bb0&#8243; global_colors_info=\u00bb{}\u00bb sticky_enabled=\u00bb0&#8243;]<\/p>\n<p>12 de agosto de 2024<\/p>\n<p>[\/et_pb_text][et_pb_text _builder_version=\u00bb4.25.0&#8243; _module_preset=\u00bbdefault\u00bb header_4_font=\u00bb|700|||||||\u00bb header_4_text_color=\u00bb#65baaf\u00bb header_4_font_size=\u00bb25px\u00bb global_colors_info=\u00bb{}\u00bb]<\/p>\n<h4>1.- Implementaci\u00f3n de los t\u00e9rminos y condiciones creados<\/h4>\n<p>[\/et_pb_text][et_pb_text _builder_version=\u00bb4.25.0&#8243; _module_preset=\u00bbdefault\u00bb text_font=\u00bb|300|||||||\u00bb text_text_color=\u00bb#000000&#8243; text_font_size=\u00bb18px\u00bb text_line_height=\u00bb1.5em\u00bb global_colors_info=\u00bb{}\u00bb]Se han elaborado los textos denominados \u201cPol\u00edtica de Cookies\u201d, \u201cPol\u00edtica de Privacidad\u201d y<br \/>\n\u201cCondiciones de Uso y Contrataci\u00f3n\u201d que deber\u00e1n ser incluidos en la parte inferior de la<br \/>\nweb.[\/et_pb_text][et_pb_text _builder_version=\u00bb4.25.0&#8243; _module_preset=\u00bbdefault\u00bb header_4_font=\u00bb|700|||||||\u00bb header_4_text_color=\u00bb#65baaf\u00bb header_4_font_size=\u00bb25px\u00bb global_colors_info=\u00bb{}\u00bb]<\/p>\n<h4>1.1.- En relaci\u00f3n a la Pol\u00edtica de Cookies<\/h4>\n<p>[\/et_pb_text][et_pb_text _builder_version=\u00bb4.25.0&#8243; _module_preset=\u00bbdefault\u00bb text_font=\u00bb|300|||||||\u00bb text_text_color=\u00bb#000000&#8243; text_font_size=\u00bb18px\u00bb text_line_height=\u00bb1.5em\u00bb global_colors_info=\u00bb{}\u00bb]La Pol\u00edtica de Cookies es para www.millerquina.com. Deber\u00eda ir siempre en la parte inferior<br \/>\nde la web, junto al resto de textos legales.<\/p>\n<p>De acuerdo al art\u00edculo 22.2 LSSICE, para incorporar la Pol\u00edtica de Cookies se deber\u00eda hacer<br \/>\nlo siguiente:<\/p>\n<p>\u2013 Cuando el usuario entre por primera vez en la web, mostrar la t\u00edpica cortinilla \/ pop-up de<br \/>\naviso con un texto como:<\/p>\n<p>\u00abSi aceptas, instalaremos en tu dispositivo cookies nuestras y de terceros para mejorar la<br \/>\nnavegaci\u00f3n, proporcionar el servicio y obtener estad\u00edsticas | Aceptar \u2013 Rechazar \u2013 Configurar<br \/>\n| M\u00e1s info\u00bb.<\/p>\n<p>Y en el \u00abM\u00e1s info\u00bb se enlazar\u00eda a la Pol\u00edtica de Cookies en s\u00ed.<\/p>\n<p>Con la actual normativa sobre protecci\u00f3n de datos, una de las siguientes tres f\u00f3rmulas debe<br \/>\nser aplicada:<\/p>\n<p>La opci\u00f3n m\u00e1s legalista consistir\u00eda en incluir los tres botones: Aceptar \u2013 Rechazar \u2013<br \/>\nConfigurar, junto al \u201cM\u00e1s info\u00bb. En todo caso, existen otras dos alternativas aplicables,<br \/>\naunque ambas relacionadas con los botones Aceptar \u2013 Configurar.<\/p>\n<p>Adem\u00e1s, de acuerdo a la normativa aplicable las cookies no deben instalarse en el<br \/>\ndispositivo hasta que el usuario las acepta por clicar el bot\u00f3n de Aceptar. S\u00ed pueden<br \/>\ninstalarse las cookies consideradas t\u00e9cnicas antes de ese Aceptar o Rechazar, es decir:<\/p>\n<p>Cookies de entrada del usuario<br \/>\nCookies de autenticaci\u00f3n o identificaci\u00f3n de usuario (\u00fanicamente de sesi\u00f3n)<br \/>\nCookies de seguridad del usuario<br \/>\nCookies para proceso de compra en tienda online<br \/>\nCookies de sesi\u00f3n de reproductor multimedia<br \/>\nCookies de sesi\u00f3n para equilibrar la carga<br \/>\nCookies de personalizaci\u00f3n de la interfaz de usuario<br \/>\nCookies de complemento (plug-in) para intercambiar contenidos sociales<br \/>\nTambi\u00e9n debemos tener en cuenta que cuando el usuario clique el bot\u00f3n de configuraci\u00f3n<br \/>\nse le deber\u00e1n mostrar tres opciones: 1) poder rechazar directamente todas las cookies, 2)<br \/>\npoder aceptar directamente todas las cookies y 3) poder seleccionar una a una las cookies<br \/>\nque quiere aceptar.<\/p>\n<p>Para ayudar en esa labor, y sobre todo en webs donde las cookies realizan tratamientos<br \/>\nconcretos como tracking u obtenci\u00f3n de estad\u00edsticas, soluciones como las de Civic ser\u00edan<br \/>\nquiz\u00e1 las m\u00e1s adecuadas para realizar un uso de cookies adecuado al RGPD. Otra posible<br \/>\nalternativa es: GDPR Cookie Consent.<\/p>\n<p>Pero una soluci\u00f3n propia tambi\u00e9n puede funcionar.<\/p>\n<p>En el caso concreto actual el pop-up de cookies est\u00e1 bien configurado aunque el texto<br \/>\nactual deber\u00eda cambiarse por el especificado anteriormente. Adem\u00e1s, se deber\u00eda incluir un<br \/>\napartado espec\u00edfico para la Pol\u00edtica de Cookies en el footer de la web que enlace al<br \/>\ncorrespondiente texto legal.[\/et_pb_text][et_pb_text _builder_version=\u00bb4.25.0&#8243; _module_preset=\u00bbdefault\u00bb header_4_font=\u00bb|700|||||||\u00bb header_4_text_color=\u00bb#65baaf\u00bb header_4_font_size=\u00bb25px\u00bb global_colors_info=\u00bb{}\u00bb]<\/p>\n<h4>1.2.- En relaci\u00f3n a la Pol\u00edtica de Privacidad<br \/>\n<\/h4>\n<p>[\/et_pb_text][et_pb_text _builder_version=\u00bb4.25.0&#8243; _module_preset=\u00bbdefault\u00bb text_font=\u00bb|300|||||||\u00bb text_text_color=\u00bb#000000&#8243; text_font_size=\u00bb18px\u00bb text_line_height=\u00bb1.5em\u00bb global_colors_info=\u00bb{}\u00bb]La Pol\u00edtica de Privacidad es para www.millerquina.com, deber\u00eda ir siempre en la parte<br \/>\ninferior de la web, junto al resto de textos legales.<\/p>\n<p>Por otro lado, varios formularios distribuidos a lo largo de la web deber\u00edan informar al<br \/>\nusuario sobre unos m\u00ednimos legales en materia de protecci\u00f3n de datos de car\u00e1cter personal<br \/>\ny enlazar expresamente a la Pol\u00edtica de Privacidad o, en su caso, a las Condiciones de Uso<br \/>\ny Contrataci\u00f3n, de acuerdo al art\u00edculo 13 RGPD, en especial sus apartados 1 y 2.<\/p>\n<p>La cl\u00e1usula informativa que debe acompa\u00f1ar cada formulario ser\u00eda:<\/p>\n<p>En el apartado \u201cContacto\u201d, se deber\u00eda incluir el siguiente texto informativo justo antes del<br \/>\nbot\u00f3n \u201cEnviar\u201d:<br \/>\nMillerquina recopila sus datos para responder su consulta. Puede ejercer sus derechos de<br \/>\nacceso, rectificaci\u00f3n, supresi\u00f3n y oposici\u00f3n, entre otros, seg\u00fan nuestra Pol\u00edtica de<br \/>\nPrivacidad.<br \/>\nEn el lugar donde pone \u201cPol\u00edtica de Privacidad\u201d deber\u00eda enlazarse al correspondiente<br \/>\ndocumento.<br \/>\nSe\u00f1alar siempre los campos obligatorios con un asterisco cuyo significado se indique en<br \/>\nla propia web.<br \/>\nDebe recogerse en el log del servidor el clic realizado en el bot\u00f3n \u201cEnviar\u201d, as\u00ed como la<br \/>\nhora, fecha e IP vinculado al mismo, de acuerdo al art. 5.2 RGPD.<\/p>\n<p>Antes de completar el proceso de compra, concretamente antes del bot\u00f3n \u201cRealizar<br \/>\npedido\u201d, se deber\u00eda incluir el siguiente texto:<br \/>\nMillerquina recopila sus datos para realizar la compra y gestionar y proporcionar el servicio.<br \/>\nPuede ejercer sus derechos de acceso, rectificaci\u00f3n, supresi\u00f3n y oposici\u00f3n, entre otros,<br \/>\nseg\u00fan nuestra Pol\u00edtica de Privacidad.<br \/>\n\u274f Acepto las Condiciones de Uso y Contrataci\u00f3n<br \/>\n\u274f Acepto la Pol\u00edtica de Privacidad<br \/>\nEn el lugar donde pone \u00abPol\u00edtica de Privacidad\u201d y \u201cCondiciones de Uso y Contrataci\u00f3n\u201d<br \/>\ndeber\u00eda enlazarse al correspondiente documento.<br \/>\nSe\u00f1alar siempre los campos obligatorios con un asterisco cuyo significado se indique en la<br \/>\npropia web.<br \/>\nDebe recogerse en el log del servidor el clic realizado en las dos casillas, as\u00ed como la hora,<br \/>\nfecha e IP vinculado al mismo, de acuerdo al art. 5.2 RGPD.<br \/>\nEn el apartado \u201cblog\u201d, antes del bot\u00f3n \u201cPost Comment\u201d, se deber\u00eda incluir el siguiente<br \/>\ntexto con el correspondiente checkbox:\u2750<br \/>\nAcepta que Millerquina recopile sus datos para facilitar la publicaci\u00f3n y gesti\u00f3n de<br \/>\ncomentarios. Puede ejercer sus derechos de acceso, rectificaci\u00f3n, supresi\u00f3n y<br \/>\noposici\u00f3n, entre otros, seg\u00fan nuestra Pol. de Privacidad.<\/p>\n<p>En el lugar donde pone \u00abPol\u00edtica de Privacidad\u201d deber\u00eda enlazarse al correspondiente<br \/>\ndocumento.<\/p>\n<p>Debe recogerse en el log del servidor el clic realizado en la casilla, as\u00ed como la hora, fecha e<br \/>\nIP vinculado al mismo, de acuerdo al art. 5.2 RGPD.Informe de legalidad \u2013 MillerquinaInforme de legalidad \u2013 Millerquina[\/et_pb_text][et_pb_text _builder_version=\u00bb4.25.0&#8243; _module_preset=\u00bbdefault\u00bb header_4_font=\u00bb|700|||||||\u00bb header_4_text_color=\u00bb#65baaf\u00bb header_4_font_size=\u00bb25px\u00bb global_colors_info=\u00bb{}\u00bb]<\/p>\n<h4>1.3.- En relaci\u00f3n a las Condiciones de Uso y Contrataci\u00f3n<br \/>\n<\/h4>\n<p>[\/et_pb_text][et_pb_text _builder_version=\u00bb4.25.0&#8243; _module_preset=\u00bbdefault\u00bb text_font=\u00bb|300|||||||\u00bb text_text_color=\u00bb#000000&#8243; text_font_size=\u00bb18px\u00bb text_line_height=\u00bb1.5em\u00bb global_colors_info=\u00bb{}\u00bb]Las Condiciones de Uso y Contrataci\u00f3n son para www.millerquina.com.<\/p>\n<p>Deben incluirse junto a la Pol\u00edtica de Privacidad y la Pol\u00edtica de Cookies del servicio en la<br \/>\nparte inferior de la web. Siempre visibles y accesibles tanto en la p\u00e1gina de inicio como en<br \/>\nla pasarela de pago del Servicio.<\/p>\n<p>En el caso concreto actual se deber\u00eda incluir un apartado espec\u00edfico para las Condiciones de<br \/>\nUso y Contrataci\u00f3n en el footer de la web que enlace al correspondiente texto legal.[\/et_pb_text][et_pb_text _builder_version=\u00bb4.25.0&#8243; _module_preset=\u00bbdefault\u00bb header_4_font=\u00bb|700|||||||\u00bb header_4_text_color=\u00bb#65baaf\u00bb header_4_font_size=\u00bb25px\u00bb global_colors_info=\u00bb{}\u00bb]<\/p>\n<h4>2.- Cuestiones legales respecto a protecci\u00f3n de datos personales<br \/>\n<\/h4>\n<p>[\/et_pb_text][et_pb_text _builder_version=\u00bb4.25.0&#8243; _module_preset=\u00bbdefault\u00bb text_font=\u00bb|300|||||||\u00bb text_text_color=\u00bb#000000&#8243; text_font_size=\u00bb18px\u00bb text_line_height=\u00bb1.5em\u00bb global_colors_info=\u00bb{}\u00bb]Si no lo hace ya, el prestador del servicio debe cumplir con las previsiones del RGPD, la<br \/>\nvigente normativa en materia de protecci\u00f3n de datos de car\u00e1cter personal. En ese sentido,<br \/>\ndos son los elementos de cara\u0301cter general que constituyen la mayor innovacio\u0301n del RGPD<br \/>\npara los responsables del tratamiento:<\/p>\n<p>\u2013 El principio de responsabilidad proactiva: El RGPD describe este principio como la<br \/>\nnecesidad de que el responsable del tratamiento aplique medidas te\u0301cnicas y organizativas<br \/>\napropiadas a fin de garantizar y poder demostrar que el tratamiento es conforme con el<br \/>\nReglamento.<\/p>\n<p>En te\u0301rminos pra\u0301cticos, este principio requiere que las organizaciones analicen que\u0301 datos<br \/>\ntratan, con que\u0301 finalidades lo hacen y que\u0301 tipo de operaciones de tratamiento llevan a cabo.<br \/>\nA partir de este conocimiento deben determinar de forma expli\u0301cita la forma en que aplicara\u0301n<br \/>\nlas medidas que el RGPD preve\u0301, asegura\u0301ndose de que esas medidas son las adecuadas<br \/>\npara cumplir con el mismo y de que pueden demostrarlo ante los interesados y ante las<br \/>\nautoridades de supervisio\u0301n.<\/p>\n<p>\u2013 El enfoque de riesgo: el RGPD sen\u0303ala que las medidas dirigidas a garantizar su<br \/>\ncumplimiento deben tener en cuenta la naturaleza, el a\u0301mbito, el contexto y los fines del<br \/>\ntratamiento asi\u0301 como el riesgo para los derechos y libertades de las personas.<\/p>\n<p>De acuerdo con este enfoque, algunas de las medidas que el RGPD establece se aplicara\u0301n<br \/>\nso\u0301lo cuando exista un alto riesgo para los derechos y libertades, mientras que otras debera\u0301n<br \/>\nmodularse en funcio\u0301n del nivel y tipo de riesgo que los tratamientos presenten.<\/p>\n<p>La aplicacio\u0301n de las medidas previstas por el RGPD debe adaptarse, por tanto, a las<br \/>\ncaracteri\u0301sticas de las organizaciones. Lo que puede ser adecuado para una organizacio\u0301n<br \/>\nque maneja datos de millones de interesados en tratamientos complejos que involucran<br \/>\ninformacio\u0301n personal sensible o volu\u0301menes importantes de datos sobre cada afectado no es<br \/>\nnecesario para una pequen\u0303a empresa que lleva a cabo un volumen limitado de tratamientos<br \/>\nde datos no sensibles.<\/p>\n<p>Para m\u00e1s informaci\u00f3n, consultar la Gu\u00eda del Reglamento General de Protecci\u00f3n de Datos para Responsables del Tratamiento.[\/et_pb_text][et_pb_text _builder_version=\u00bb4.25.0&#8243; _module_preset=\u00bbdefault\u00bb header_4_font=\u00bb|700|||||||\u00bb header_4_text_color=\u00bb#65baaf\u00bb header_4_font_size=\u00bb25px\u00bb global_colors_info=\u00bb{}\u00bb]<\/p>\n<h4>3.- Cuestiones legales respecto propiedad intelectual e industrial<br \/>\n<\/h4>\n<p>[\/et_pb_text][et_pb_text _builder_version=\u00bb4.25.0&#8243; _module_preset=\u00bbdefault\u00bb text_font=\u00bb|300|||||||\u00bb text_text_color=\u00bb#000000&#8243; text_font_size=\u00bb18px\u00bb text_line_height=\u00bb1.5em\u00bb global_colors_info=\u00bb{}\u00bb]De acuerdo al art\u00edculo 2.1 de la Ley de Marcas, el derecho de propiedad sobre la marca y el<br \/>\nnombre comercial se adquiere por el registro v\u00e1lidamente efectuado de conformidad con lo<br \/>\nestablecido en la ley.<\/p>\n<p>Por tanto, el derecho para usar de forma exclusiva y excluyente el logotipo, marca, nombre<br \/>\ncomercial o denominaci\u00f3n social de una entidad, producto o servicio, \u00fanicamente existe si<br \/>\nse procede a su registro.<\/p>\n<p>Por lo comprobado en el localizador de la Oficina Espa\u00f1ola de Patentes y Marcas,<br \/>\nMillerquina NO consta registrada como marca nacional.<\/p>\n<p>Por otro lado, destacar que en materia de propiedad intelectual, tambi\u00e9n cabe el registro de<br \/>\nsoftware, bases de datos o p\u00e1ginas web a trav\u00e9s del Registro de Propiedad Intelectual del<br \/>\nMinisterio de Educaci\u00f3n, Cultura y Deporte.[\/et_pb_text][et_pb_text _builder_version=\u00bb4.25.0&#8243; _module_preset=\u00bbdefault\u00bb header_4_font=\u00bb|700|||||||\u00bb header_4_text_color=\u00bb#65baaf\u00bb header_4_font_size=\u00bb25px\u00bb global_colors_info=\u00bb{}\u00bb]<\/p>\n<h4>4.- Cuestiones legales respecto a publicidad online<br \/>\n<\/h4>\n<p>[\/et_pb_text][et_pb_text _builder_version=\u00bb4.25.0&#8243; _module_preset=\u00bbdefault\u00bb text_font=\u00bb|300|||||||\u00bb text_text_color=\u00bb#000000&#8243; text_font_size=\u00bb18px\u00bb text_line_height=\u00bb1.5em\u00bb global_colors_info=\u00bb{}\u00bb]De acuerdo al art\u00edculo 21.1 LSSICE, est\u00e1 prohibido el env\u00edo de comunicaciones publicitarias<br \/>\no promocionales por correo electr\u00f3nico que no hubieran sido solicitadas o expresamente<br \/>\nautorizadas por los destinatarios de las mismas. Es importante recordar este punto en<br \/>\nrelaci\u00f3n respecto a cualquier posible newsletter.<\/p>\n<p>En todo caso, y seg\u00fan el art\u00edculo 21.2 LSSICE, si existe una relaci\u00f3n contractual previa<br \/>\ndurante la que se hubieran recogido de forma l\u00edcita los datos de contacto del destinatario,<br \/>\nestos pueden usarse para el env\u00edo de comunicaciones comerciales referentes a productos o<br \/>\nservicios de su propia empresa. Ahora bien, siempre que sean similares a los que<br \/>\ninicialmente fueron objeto de contrataci\u00f3n con el cliente.<\/p>\n<p>En todo caso, el proveedor del servicio deber\u00e1 ofrecer al destinatario la posibilidad de<br \/>\noponerse al tratamiento de sus datos mediante un procedimiento sencillo y gratuito, tanto en<br \/>\nel momento de recogida de los mismos como en cada una de las comunicaciones que le<br \/>\ndirija.<\/p>\n<p>Es decir, incluir en cada correo electr\u00f3nico que se env\u00ede un sistema para darse de baja de<br \/>\nese tipo de env\u00edos. Y lo mismo a trav\u00e9s de la cuenta de usuario en la web o una direcci\u00f3n<br \/>\nde contacto del proveedor del servicio.[\/et_pb_text][\/et_pb_column][\/et_pb_row][\/et_pb_section]<\/p>\n","protected":false},"excerpt":{"rendered":"<p>Aviso legalT\u00e9rminos y condiciones12 de agosto de 20241.- Implementaci\u00f3n de los t\u00e9rminos y condiciones creadosSe han elaborado los textos denominados \u201cPol\u00edtica de Cookies\u201d, \u201cPol\u00edtica de Privacidad\u201d y \u201cCondiciones de Uso y Contrataci\u00f3n\u201d que deber\u00e1n ser incluidos en la parte inferior de la web.1.1.- En relaci\u00f3n a la Pol\u00edtica de CookiesLa Pol\u00edtica de Cookies es para [&hellip;]<\/p>\n","protected":false},"author":1,"featured_media":0,"parent":0,"menu_order":0,"comment_status":"closed","ping_status":"closed","template":"","meta":{"_et_pb_use_builder":"on","_et_pb_old_content":"","_et_gb_content_width":"","footnotes":""},"class_list":["post-602","page","type-page","status-publish","hentry"],"yoast_head":"<!-- This site is optimized with the Yoast SEO plugin v27.1.1 - https:\/\/yoast.com\/product\/yoast-seo-wordpress\/ -->\r\n<title>Aviso legal - Millerquina<\/title>\r\n<meta name=\"robots\" content=\"index, follow, max-snippet:-1, max-image-preview:large, max-video-preview:-1\" \/>\r\n<link rel=\"canonical\" href=\"https:\/\/millerquina.com\/en\/aviso-legal\/\" \/>\r\n<meta property=\"og:locale\" content=\"en_GB\" \/>\r\n<meta property=\"og:type\" content=\"article\" \/>\r\n<meta property=\"og:title\" content=\"Aviso legal - Millerquina\" \/>\r\n<meta property=\"og:description\" content=\"Aviso legalT\u00e9rminos y condiciones12 de agosto de 20241.- Implementaci\u00f3n de los t\u00e9rminos y condiciones creadosSe han elaborado los textos denominados \u201cPol\u00edtica de Cookies\u201d, \u201cPol\u00edtica de Privacidad\u201d y \u201cCondiciones de Uso y Contrataci\u00f3n\u201d que deber\u00e1n ser incluidos en la parte inferior de la web.1.1.- En relaci\u00f3n a la Pol\u00edtica de CookiesLa Pol\u00edtica de Cookies es para [&hellip;]\" \/>\r\n<meta property=\"og:url\" content=\"https:\/\/millerquina.com\/en\/aviso-legal\/\" \/>\r\n<meta property=\"og:site_name\" content=\"Millerquina\" \/>\r\n<meta property=\"article:modified_time\" content=\"2024-08-12T09:06:50+00:00\" \/>\r\n<meta name=\"twitter:card\" content=\"summary_large_image\" \/>\r\n<meta name=\"twitter:label1\" content=\"Estimated reading time\" \/>\n\t<meta name=\"twitter:data1\" content=\"12 minutes\" \/>\r\n<script type=\"application\/ld+json\" class=\"yoast-schema-graph\">{\"@context\":\"https:\/\/schema.org\",\"@graph\":[{\"@type\":\"WebPage\",\"@id\":\"https:\/\/millerquina.com\/aviso-legal\/\",\"url\":\"https:\/\/millerquina.com\/aviso-legal\/\",\"name\":\"Aviso legal - Millerquina\",\"isPartOf\":{\"@id\":\"https:\/\/millerquina.com\/#website\"},\"datePublished\":\"2024-08-12T08:46:37+00:00\",\"dateModified\":\"2024-08-12T09:06:50+00:00\",\"breadcrumb\":{\"@id\":\"https:\/\/millerquina.com\/aviso-legal\/#breadcrumb\"},\"inLanguage\":\"en-GB\",\"potentialAction\":[{\"@type\":\"ReadAction\",\"target\":[\"https:\/\/millerquina.com\/aviso-legal\/\"]}]},{\"@type\":\"BreadcrumbList\",\"@id\":\"https:\/\/millerquina.com\/aviso-legal\/#breadcrumb\",\"itemListElement\":[{\"@type\":\"ListItem\",\"position\":1,\"name\":\"Portada\",\"item\":\"https:\/\/millerquina.com\/\"},{\"@type\":\"ListItem\",\"position\":2,\"name\":\"Aviso legal\"}]},{\"@type\":\"WebSite\",\"@id\":\"https:\/\/millerquina.com\/#website\",\"url\":\"https:\/\/millerquina.com\/\",\"name\":\"Millerquina\",\"description\":\"\",\"potentialAction\":[{\"@type\":\"SearchAction\",\"target\":{\"@type\":\"EntryPoint\",\"urlTemplate\":\"https:\/\/millerquina.com\/?s={search_term_string}\"},\"query-input\":{\"@type\":\"PropertyValueSpecification\",\"valueRequired\":true,\"valueName\":\"search_term_string\"}}],\"inLanguage\":\"en-GB\"}]}<\/script>\r\n<!-- \/ Yoast SEO plugin. -->","yoast_head_json":{"title":"Aviso legal - Millerquina","robots":{"index":"index","follow":"follow","max-snippet":"max-snippet:-1","max-image-preview":"max-image-preview:large","max-video-preview":"max-video-preview:-1"},"canonical":"https:\/\/millerquina.com\/en\/aviso-legal\/","og_locale":"en_GB","og_type":"article","og_title":"Aviso legal - Millerquina","og_description":"Aviso legalT\u00e9rminos y condiciones12 de agosto de 20241.- Implementaci\u00f3n de los t\u00e9rminos y condiciones creadosSe han elaborado los textos denominados \u201cPol\u00edtica de Cookies\u201d, \u201cPol\u00edtica de Privacidad\u201d y \u201cCondiciones de Uso y Contrataci\u00f3n\u201d que deber\u00e1n ser incluidos en la parte inferior de la web.1.1.- En relaci\u00f3n a la Pol\u00edtica de CookiesLa Pol\u00edtica de Cookies es para [&hellip;]","og_url":"https:\/\/millerquina.com\/en\/aviso-legal\/","og_site_name":"Millerquina","article_modified_time":"2024-08-12T09:06:50+00:00","twitter_card":"summary_large_image","twitter_misc":{"Estimated reading time":"12 minutes"},"schema":{"@context":"https:\/\/schema.org","@graph":[{"@type":"WebPage","@id":"https:\/\/millerquina.com\/aviso-legal\/","url":"https:\/\/millerquina.com\/aviso-legal\/","name":"Aviso legal - Millerquina","isPartOf":{"@id":"https:\/\/millerquina.com\/#website"},"datePublished":"2024-08-12T08:46:37+00:00","dateModified":"2024-08-12T09:06:50+00:00","breadcrumb":{"@id":"https:\/\/millerquina.com\/aviso-legal\/#breadcrumb"},"inLanguage":"en-GB","potentialAction":[{"@type":"ReadAction","target":["https:\/\/millerquina.com\/aviso-legal\/"]}]},{"@type":"BreadcrumbList","@id":"https:\/\/millerquina.com\/aviso-legal\/#breadcrumb","itemListElement":[{"@type":"ListItem","position":1,"name":"Portada","item":"https:\/\/millerquina.com\/"},{"@type":"ListItem","position":2,"name":"Aviso legal"}]},{"@type":"WebSite","@id":"https:\/\/millerquina.com\/#website","url":"https:\/\/millerquina.com\/","name":"Millerquina","description":"","potentialAction":[{"@type":"SearchAction","target":{"@type":"EntryPoint","urlTemplate":"https:\/\/millerquina.com\/?s={search_term_string}"},"query-input":{"@type":"PropertyValueSpecification","valueRequired":true,"valueName":"search_term_string"}}],"inLanguage":"en-GB"}]}},"_links":{"self":[{"href":"https:\/\/millerquina.com\/en\/wp-json\/wp\/v2\/pages\/602","targetHints":{"allow":["GET"]}}],"collection":[{"href":"https:\/\/millerquina.com\/en\/wp-json\/wp\/v2\/pages"}],"about":[{"href":"https:\/\/millerquina.com\/en\/wp-json\/wp\/v2\/types\/page"}],"author":[{"embeddable":true,"href":"https:\/\/millerquina.com\/en\/wp-json\/wp\/v2\/users\/1"}],"replies":[{"embeddable":true,"href":"https:\/\/millerquina.com\/en\/wp-json\/wp\/v2\/comments?post=602"}],"version-history":[{"count":8,"href":"https:\/\/millerquina.com\/en\/wp-json\/wp\/v2\/pages\/602\/revisions"}],"predecessor-version":[{"id":618,"href":"https:\/\/millerquina.com\/en\/wp-json\/wp\/v2\/pages\/602\/revisions\/618"}],"wp:attachment":[{"href":"https:\/\/millerquina.com\/en\/wp-json\/wp\/v2\/media?parent=602"}],"curies":[{"name":"wp","href":"https:\/\/api.w.org\/{rel}","templated":true}]}}