{"id":54,"date":"2024-08-05T08:59:18","date_gmt":"2024-08-05T06:59:18","guid":{"rendered":"http:\/\/millerquina.com\/?page_id=54"},"modified":"2024-08-13T14:30:46","modified_gmt":"2024-08-13T12:30:46","slug":"servicios-2","status":"publish","type":"page","link":"https:\/\/millerquina.com\/en\/servicios-2\/","title":{"rendered":"Services"},"content":{"rendered":"<p>[et_pb_section fb_built=\u00bb1&#8243; _builder_version=\u00bb4.25.0&#8243; _module_preset=\u00bbdefault\u00bb use_background_color_gradient=\u00bbon\u00bb background_color_gradient_stops=\u00bbrgba(0,0,0,0.58) 0%|rgba(0,0,0,0.77) 70%|rgba(0,0,0,0.5) 100%\u00bb background_color_gradient_overlays_image=\u00bbon\u00bb background_image=\u00bbhttp:\/\/millerquina.com\/wp-content\/uploads\/2024\/08\/Banner-Cabecera-Servicios.png\u00bb height=\u00bb50vh\u00bb hover_enabled=\u00bb0&#8243; global_colors_info=\u00bb{}\u00bb custom_css_free_form=\u00bb@media only screen and (max-width: 1000px) and (orientation: landscape) {||    \/* Estilos espec\u00edficos para movil en horizontal *\/||  #servicios {||    height: 100vh !important;||\t}||}\u00bb module_id=\u00bbservicios\u00bb sticky_enabled=\u00bb0&#8243;][et_pb_row _builder_version=\u00bb4.25.0&#8243; _module_preset=\u00bbdefault\u00bb locked=\u00bboff\u00bb global_colors_info=\u00bb{}\u00bb][et_pb_column type=\u00bb4_4&#8243; _builder_version=\u00bb4.25.0&#8243; _module_preset=\u00bbdefault\u00bb global_colors_info=\u00bb{}\u00bb][et_pb_text _builder_version=\u00bb4.25.0&#8243; _module_preset=\u00bbdefault\u00bb header_2_text_align=\u00bbcenter\u00bb header_2_text_color=\u00bb#FFFFFF\u00bb header_2_font_size=\u00bb48px\u00bb header_3_font=\u00bb|600|||||||\u00bb header_3_text_align=\u00bbcenter\u00bb header_3_text_color=\u00bb#62b9af\u00bb custom_padding_tablet=\u00bb50px||||false|false\u00bb custom_padding_phone=\u00bb50px||||false|false\u00bb custom_padding_last_edited=\u00bbon|tablet\u00bb global_colors_info=\u00bb{}\u00bb]<\/p>\n<h2>Servicios<\/h2>\n<p>[\/et_pb_text][\/et_pb_column][\/et_pb_row][\/et_pb_section][et_pb_section fb_built=\u00bb1&#8243; _builder_version=\u00bb4.25.0&#8243; _module_preset=\u00bbdefault\u00bb global_colors_info=\u00bb{}\u00bb][et_pb_row column_structure=\u00bb1_3,1_3,1_3&#8243; _builder_version=\u00bb4.25.0&#8243; _module_preset=\u00bbdefault\u00bb global_colors_info=\u00bb{}\u00bb][et_pb_column type=\u00bb1_3&#8243; _builder_version=\u00bb4.25.0&#8243; _module_preset=\u00bbdefault\u00bb global_colors_info=\u00bb{}\u00bb][et_pb_text module_class=\u00bbbreak-point-servicios\u00bb _builder_version=\u00bb4.25.0&#8243; _module_preset=\u00bbdefault\u00bb text_font=\u00bb|600|||||||\u00bb text_text_color=\u00bb#FFFFFF\u00bb text_font_size=\u00bb25px\u00bb text_line_height=\u00bb1.3em\u00bb use_background_color_gradient=\u00bbon\u00bb background_color_gradient_stops=\u00bbrgba(0,0,0,0.5) 0%|rgba(0,0,0,0.54) 100%\u00bb background_color_gradient_overlays_image=\u00bbon\u00bb background_image=\u00bbhttp:\/\/millerquina.com\/wp-content\/uploads\/2024\/08\/traduccion.jpg\u00bb text_orientation=\u00bbcenter\u00bb height=\u00bb50vh\u00bb custom_padding=\u00bb315px||||false|false\u00bb custom_padding_tablet=\u00bb315px||||false|false\u00bb custom_padding_phone=\u00bb250px||||false|false\u00bb custom_padding_last_edited=\u00bbon|phone\u00bb link_option_url=\u00bbhttp:\/\/millerquina.com\/traduccion-2\/\u00bb custom_css_free_form=\u00bb@media only screen and (min-width: 769px) and (max-width: 1366px) and (orientation: landscape) {||    \/* Estilos espec\u00edficos para tablets en horizontal *\/||  .break-point-servicios p{||    margin-top: -100px !important;||    ||  }||}\u00bb border_radii=\u00bboff|||46px|\u00bb locked=\u00bboff\u00bb global_colors_info=\u00bb{}\u00bb transform_styles__hover_enabled=\u00bbon|hover\u00bb transform_scale__hover_enabled=\u00bbon|hover\u00bb transform_translate__hover_enabled=\u00bbon|desktop\u00bb transform_rotate__hover_enabled=\u00bbon|desktop\u00bb transform_skew__hover_enabled=\u00bbon|desktop\u00bb transform_origin__hover_enabled=\u00bbon|desktop\u00bb transform_scale__hover=\u00bb105%|105%\u00bb]<\/p>\n<p>Traducci\u00f3n<\/p>\n<p>[\/et_pb_text][\/et_pb_column][et_pb_column type=\u00bb1_3&#8243; _builder_version=\u00bb4.25.0&#8243; _module_preset=\u00bbdefault\u00bb global_colors_info=\u00bb{}\u00bb][et_pb_text module_class=\u00bbbreak-point-servicios\u00bb _builder_version=\u00bb4.25.0&#8243; _module_preset=\u00bbdefault\u00bb text_font=\u00bb|600|||||||\u00bb text_text_color=\u00bb#FFFFFF\u00bb text_font_size=\u00bb25px\u00bb text_line_height=\u00bb1.3em\u00bb use_background_color_gradient=\u00bbon\u00bb background_color_gradient_stops=\u00bbrgba(0,0,0,0.5) 0%|rgba(0,0,0,0.51) 100%\u00bb background_color_gradient_overlays_image=\u00bbon\u00bb background_image=\u00bbhttp:\/\/millerquina.com\/wp-content\/uploads\/2024\/08\/redaccion.jpg\u00bb text_orientation=\u00bbcenter\u00bb height=\u00bb50vh\u00bb custom_padding=\u00bb315px||||false|false\u00bb custom_padding_tablet=\u00bb315px||||false|false\u00bb custom_padding_phone=\u00bb250px||||false|false\u00bb custom_padding_last_edited=\u00bbon|phone\u00bb link_option_url=\u00bbhttp:\/\/millerquina.com\/redaccion-3\/\u00bb border_radii=\u00bboff|||46px|\u00bb locked=\u00bboff\u00bb global_colors_info=\u00bb{}\u00bb transform_styles__hover_enabled=\u00bbon|hover\u00bb transform_scale__hover=\u00bb105%|105%\u00bb transform_scale__hover_enabled=\u00bbon|hover\u00bb transform_translate__hover_enabled=\u00bbon|desktop\u00bb transform_rotate__hover_enabled=\u00bbon|desktop\u00bb transform_skew__hover_enabled=\u00bbon|desktop\u00bb transform_origin__hover_enabled=\u00bbon|desktop\u00bb]<\/p>\n<p>Redacci\u00f3n<\/p>\n<p>[\/et_pb_text][\/et_pb_column][et_pb_column type=\u00bb1_3&#8243; _builder_version=\u00bb4.25.0&#8243; _module_preset=\u00bbdefault\u00bb global_colors_info=\u00bb{}\u00bb][et_pb_text module_class=\u00bbbreak-point-servicios\u00bb _builder_version=\u00bb4.25.0&#8243; _module_preset=\u00bbdefault\u00bb text_font=\u00bb|600|||||||\u00bb text_text_color=\u00bb#FFFFFF\u00bb text_font_size=\u00bb25px\u00bb text_line_height=\u00bb1.3em\u00bb use_background_color_gradient=\u00bbon\u00bb background_color_gradient_stops=\u00bbrgba(0,0,0,0.5) 0%|rgba(0,0,0,0.51) 100%\u00bb background_color_gradient_overlays_image=\u00bbon\u00bb background_image=\u00bbhttp:\/\/millerquina.com\/wp-content\/uploads\/2024\/08\/media-relations.jpg\u00bb text_orientation=\u00bbcenter\u00bb height=\u00bb50vh\u00bb custom_padding=\u00bb315px||||false|false\u00bb custom_padding_tablet=\u00bb315px||||false|false\u00bb custom_padding_phone=\u00bb250px||||false|false\u00bb custom_padding_last_edited=\u00bbon|phone\u00bb link_option_url=\u00bbhttp:\/\/millerquina.com\/relacion-con-medios-de-comunicacion\/\u00bb hover_enabled=\u00bb0&#8243; border_radii=\u00bboff|||46px|\u00bb locked=\u00bboff\u00bb global_colors_info=\u00bb{}\u00bb transform_styles__hover_enabled=\u00bbon|hover\u00bb transform_scale__hover=\u00bb105%|105%\u00bb transform_scale__hover_enabled=\u00bbon|hover\u00bb transform_translate__hover_enabled=\u00bbon|desktop\u00bb transform_rotate__hover_enabled=\u00bbon|desktop\u00bb transform_skew__hover_enabled=\u00bbon|desktop\u00bb transform_origin__hover_enabled=\u00bbon|desktop\u00bb sticky_enabled=\u00bb0&#8243;]<\/p>\n<p>Medios de comunicaci\u00f3n<\/p>\n<p>[\/et_pb_text][\/et_pb_column][\/et_pb_row][et_pb_row column_structure=\u00bb1_2,1_2&#8243; _builder_version=\u00bb4.25.0&#8243; _module_preset=\u00bbdefault\u00bb global_colors_info=\u00bb{}\u00bb][et_pb_column type=\u00bb1_2&#8243; _builder_version=\u00bb4.25.0&#8243; _module_preset=\u00bbdefault\u00bb custom_padding=\u00bb|90px||90px|false|true\u00bb custom_padding_tablet=\u00bb|0px||0px|false|true\u00bb custom_padding_phone=\u00bb|0px||0px|false|true\u00bb custom_padding_last_edited=\u00bbon|tablet\u00bb global_colors_info=\u00bb{}\u00bb][et_pb_text module_class=\u00bbbreak-point-servicios\u00bb _builder_version=\u00bb4.25.0&#8243; _module_preset=\u00bbdefault\u00bb text_font=\u00bb|600|||||||\u00bb text_text_color=\u00bb#FFFFFF\u00bb text_font_size=\u00bb25px\u00bb text_line_height=\u00bb1.3em\u00bb use_background_color_gradient=\u00bbon\u00bb background_color_gradient_stops=\u00bbrgba(0,0,0,0.5) 0%|rgba(0,0,0,0.46) 100%\u00bb background_color_gradient_overlays_image=\u00bbon\u00bb background_image=\u00bbhttp:\/\/millerquina.com\/wp-content\/uploads\/2024\/08\/servicios-integrales.jpg\u00bb text_orientation=\u00bbcenter\u00bb height=\u00bb50vh\u00bb custom_margin=\u00bb||||false|true\u00bb custom_padding=\u00bb315px||||false|true\u00bb custom_padding_tablet=\u00bb315px||||false|true\u00bb custom_padding_phone=\u00bb250px||||false|true\u00bb custom_padding_last_edited=\u00bbon|phone\u00bb link_option_url=\u00bbhttp:\/\/millerquina.com\/proyectos-integrales\/\u00bb border_radii=\u00bboff|||46px|\u00bb locked=\u00bboff\u00bb global_colors_info=\u00bb{}\u00bb transform_styles__hover_enabled=\u00bbon|hover\u00bb transform_scale__hover=\u00bb105%|105%\u00bb transform_scale__hover_enabled=\u00bbon|hover\u00bb transform_translate__hover_enabled=\u00bbon|desktop\u00bb transform_rotate__hover_enabled=\u00bbon|desktop\u00bb transform_skew__hover_enabled=\u00bbon|desktop\u00bb transform_origin__hover_enabled=\u00bbon|desktop\u00bb]<\/p>\n<p>Proyectos integrales de marketing y comunicaci\u00f3n<\/p>\n<p>[\/et_pb_text][\/et_pb_column][et_pb_column type=\u00bb1_2&#8243; _builder_version=\u00bb4.25.0&#8243; _module_preset=\u00bbdefault\u00bb custom_padding=\u00bb|90px||90px|false|true\u00bb custom_padding_tablet=\u00bb|0px||0px|false|true\u00bb custom_padding_phone=\u00bb|0px||0px|false|true\u00bb custom_padding_last_edited=\u00bbon|desktop\u00bb global_colors_info=\u00bb{}\u00bb][et_pb_text module_class=\u00bbbreak-point-servicios\u00bb _builder_version=\u00bb4.25.0&#8243; _module_preset=\u00bbdefault\u00bb text_font=\u00bb|600|||||||\u00bb text_text_color=\u00bb#FFFFFF\u00bb text_font_size=\u00bb25px\u00bb text_line_height=\u00bb1.3em\u00bb use_background_color_gradient=\u00bbon\u00bb background_color_gradient_stops=\u00bbrgba(0,0,0,0.5) 0%|rgba(0,0,0,0.46) 100%\u00bb background_color_gradient_overlays_image=\u00bbon\u00bb background_image=\u00bbhttp:\/\/millerquina.com\/wp-content\/uploads\/2024\/08\/close-up-small-greece-flag-isolated-2.png\u00bb text_orientation=\u00bbcenter\u00bb height=\u00bb50vh\u00bb custom_margin=\u00bb||||false|true\u00bb custom_padding=\u00bb315px||||false|true\u00bb custom_padding_tablet=\u00bb315px||||false|true\u00bb custom_padding_phone=\u00bb250px||||false|true\u00bb custom_padding_last_edited=\u00bbon|phone\u00bb link_option_url=\u00bbhttp:\/\/millerquina.com\/tu-nueva-vida-en-mallorca\/\u00bb hover_enabled=\u00bb0&#8243; border_radii=\u00bboff|||46px|\u00bb locked=\u00bboff\u00bb global_colors_info=\u00bb{}\u00bb transform_styles__hover_enabled=\u00bbon|hover\u00bb transform_scale__hover=\u00bb105%|105%\u00bb transform_scale__hover_enabled=\u00bbon|hover\u00bb transform_translate__hover_enabled=\u00bbon|desktop\u00bb transform_rotate__hover_enabled=\u00bbon|desktop\u00bb transform_skew__hover_enabled=\u00bbon|desktop\u00bb transform_origin__hover_enabled=\u00bbon|desktop\u00bb sticky_enabled=\u00bb0&#8243;]<\/p>\n<p>Tu nueva vida en Mallorca<\/p>\n<p>[\/et_pb_text][\/et_pb_column][\/et_pb_row][\/et_pb_section]<\/p>\n","protected":false},"excerpt":{"rendered":"<p>ServiciosTraducci\u00f3nRedacci\u00f3nMedios de comunicaci\u00f3nProyectos integrales de marketing y comunicaci\u00f3nTu nueva vida en Mallorca<\/p>","protected":false},"author":1,"featured_media":0,"parent":0,"menu_order":0,"comment_status":"closed","ping_status":"closed","template":"","meta":{"_et_pb_use_builder":"on","_et_pb_old_content":"","_et_gb_content_width":"","footnotes":""},"class_list":["post-54","page","type-page","status-publish","hentry"],"yoast_head":"<!-- This site is optimized with the Yoast SEO plugin v27.1.1 - https:\/\/yoast.com\/product\/yoast-seo-wordpress\/ -->\r\n<title>Servicios - Millerquina<\/title>\r\n<meta name=\"robots\" content=\"index, follow, max-snippet:-1, max-image-preview:large, max-video-preview:-1\" \/>\r\n<link rel=\"canonical\" href=\"https:\/\/millerquina.com\/en\/servicios-2\/\" \/>\r\n<meta property=\"og:locale\" content=\"en_GB\" \/>\r\n<meta property=\"og:type\" content=\"article\" \/>\r\n<meta property=\"og:title\" content=\"Servicios - Millerquina\" \/>\r\n<meta property=\"og:description\" content=\"ServiciosTraducci\u00f3nRedacci\u00f3nMedios de comunicaci\u00f3nProyectos integrales de marketing y comunicaci\u00f3nTu nueva vida en Mallorca\" \/>\r\n<meta property=\"og:url\" content=\"https:\/\/millerquina.com\/en\/servicios-2\/\" \/>\r\n<meta property=\"og:site_name\" content=\"Millerquina\" \/>\r\n<meta property=\"article:modified_time\" content=\"2024-08-13T12:30:46+00:00\" \/>\r\n<meta name=\"twitter:card\" content=\"summary_large_image\" \/>\r\n<meta name=\"twitter:label1\" content=\"Estimated reading time\" \/>\n\t<meta name=\"twitter:data1\" content=\"5 minutes\" \/>\r\n<script type=\"application\/ld+json\" class=\"yoast-schema-graph\">{\"@context\":\"https:\/\/schema.org\",\"@graph\":[{\"@type\":\"WebPage\",\"@id\":\"https:\/\/millerquina.com\/servicios-2\/\",\"url\":\"https:\/\/millerquina.com\/servicios-2\/\",\"name\":\"Servicios - Millerquina\",\"isPartOf\":{\"@id\":\"https:\/\/millerquina.com\/#website\"},\"datePublished\":\"2024-08-05T06:59:18+00:00\",\"dateModified\":\"2024-08-13T12:30:46+00:00\",\"breadcrumb\":{\"@id\":\"https:\/\/millerquina.com\/servicios-2\/#breadcrumb\"},\"inLanguage\":\"en-GB\",\"potentialAction\":[{\"@type\":\"ReadAction\",\"target\":[\"https:\/\/millerquina.com\/servicios-2\/\"]}]},{\"@type\":\"BreadcrumbList\",\"@id\":\"https:\/\/millerquina.com\/servicios-2\/#breadcrumb\",\"itemListElement\":[{\"@type\":\"ListItem\",\"position\":1,\"name\":\"Portada\",\"item\":\"https:\/\/millerquina.com\/\"},{\"@type\":\"ListItem\",\"position\":2,\"name\":\"Servicios\"}]},{\"@type\":\"WebSite\",\"@id\":\"https:\/\/millerquina.com\/#website\",\"url\":\"https:\/\/millerquina.com\/\",\"name\":\"Millerquina\",\"description\":\"\",\"potentialAction\":[{\"@type\":\"SearchAction\",\"target\":{\"@type\":\"EntryPoint\",\"urlTemplate\":\"https:\/\/millerquina.com\/?s={search_term_string}\"},\"query-input\":{\"@type\":\"PropertyValueSpecification\",\"valueRequired\":true,\"valueName\":\"search_term_string\"}}],\"inLanguage\":\"en-GB\"}]}<\/script>\r\n<!-- \/ Yoast SEO plugin. -->","yoast_head_json":{"title":"Servicios - Millerquina","robots":{"index":"index","follow":"follow","max-snippet":"max-snippet:-1","max-image-preview":"max-image-preview:large","max-video-preview":"max-video-preview:-1"},"canonical":"https:\/\/millerquina.com\/en\/servicios-2\/","og_locale":"en_GB","og_type":"article","og_title":"Servicios - Millerquina","og_description":"ServiciosTraducci\u00f3nRedacci\u00f3nMedios de comunicaci\u00f3nProyectos integrales de marketing y comunicaci\u00f3nTu nueva vida en Mallorca","og_url":"https:\/\/millerquina.com\/en\/servicios-2\/","og_site_name":"Millerquina","article_modified_time":"2024-08-13T12:30:46+00:00","twitter_card":"summary_large_image","twitter_misc":{"Estimated reading time":"5 minutes"},"schema":{"@context":"https:\/\/schema.org","@graph":[{"@type":"WebPage","@id":"https:\/\/millerquina.com\/servicios-2\/","url":"https:\/\/millerquina.com\/servicios-2\/","name":"Servicios - Millerquina","isPartOf":{"@id":"https:\/\/millerquina.com\/#website"},"datePublished":"2024-08-05T06:59:18+00:00","dateModified":"2024-08-13T12:30:46+00:00","breadcrumb":{"@id":"https:\/\/millerquina.com\/servicios-2\/#breadcrumb"},"inLanguage":"en-GB","potentialAction":[{"@type":"ReadAction","target":["https:\/\/millerquina.com\/servicios-2\/"]}]},{"@type":"BreadcrumbList","@id":"https:\/\/millerquina.com\/servicios-2\/#breadcrumb","itemListElement":[{"@type":"ListItem","position":1,"name":"Portada","item":"https:\/\/millerquina.com\/"},{"@type":"ListItem","position":2,"name":"Servicios"}]},{"@type":"WebSite","@id":"https:\/\/millerquina.com\/#website","url":"https:\/\/millerquina.com\/","name":"Millerquina","description":"","potentialAction":[{"@type":"SearchAction","target":{"@type":"EntryPoint","urlTemplate":"https:\/\/millerquina.com\/?s={search_term_string}"},"query-input":{"@type":"PropertyValueSpecification","valueRequired":true,"valueName":"search_term_string"}}],"inLanguage":"en-GB"}]}},"_links":{"self":[{"href":"https:\/\/millerquina.com\/en\/wp-json\/wp\/v2\/pages\/54","targetHints":{"allow":["GET"]}}],"collection":[{"href":"https:\/\/millerquina.com\/en\/wp-json\/wp\/v2\/pages"}],"about":[{"href":"https:\/\/millerquina.com\/en\/wp-json\/wp\/v2\/types\/page"}],"author":[{"embeddable":true,"href":"https:\/\/millerquina.com\/en\/wp-json\/wp\/v2\/users\/1"}],"replies":[{"embeddable":true,"href":"https:\/\/millerquina.com\/en\/wp-json\/wp\/v2\/comments?post=54"}],"version-history":[{"count":18,"href":"https:\/\/millerquina.com\/en\/wp-json\/wp\/v2\/pages\/54\/revisions"}],"predecessor-version":[{"id":828,"href":"https:\/\/millerquina.com\/en\/wp-json\/wp\/v2\/pages\/54\/revisions\/828"}],"wp:attachment":[{"href":"https:\/\/millerquina.com\/en\/wp-json\/wp\/v2\/media?parent=54"}],"curies":[{"name":"wp","href":"https:\/\/api.w.org\/{rel}","templated":true}]}}