{"id":345,"date":"2024-08-07T12:24:59","date_gmt":"2024-08-07T10:24:59","guid":{"rendered":"http:\/\/millerquina.com\/?page_id=345"},"modified":"2024-09-04T08:51:41","modified_gmt":"2024-09-04T06:51:41","slug":"contacto","status":"publish","type":"page","link":"https:\/\/millerquina.com\/en\/contacto\/","title":{"rendered":"Contact"},"content":{"rendered":"<p>[et_pb_section fb_built=\u00bb1&#8243; module_id=\u00bbcontacto\u00bb _builder_version=\u00bb4.25.0&#8243; _module_preset=\u00bbdefault\u00bb use_background_color_gradient=\u00bbon\u00bb background_color_gradient_type=\u00bbcircular\u00bb background_color_gradient_stops=\u00bbrgba(0,0,0,0.63) 0%|rgba(0,0,0,0.14) 98%\u00bb background_color_gradient_overlays_image=\u00bbon\u00bb background_image=\u00bbhttp:\/\/millerquina.com\/wp-content\/uploads\/2024\/08\/Banner-Contacto.jpg\u00bb height=\u00bb50vh\u00bb custom_css_free_form=\u00bb@media only screen and (max-width: 1000px) and (orientation: landscape) {||    \/* Estilos espec\u00edficos para movil en horizontal *\/||  #contacto {||    height: 100vh !important;||\t}||}\u00bb locked=\u00bboff\u00bb global_colors_info=\u00bb{}\u00bb][et_pb_row _builder_version=\u00bb4.25.0&#8243; _module_preset=\u00bbdefault\u00bb locked=\u00bboff\u00bb global_colors_info=\u00bb{}\u00bb][et_pb_column type=\u00bb4_4&#8243; _builder_version=\u00bb4.25.0&#8243; _module_preset=\u00bbdefault\u00bb global_colors_info=\u00bb{}\u00bb][et_pb_text _builder_version=\u00bb4.25.0&#8243; _module_preset=\u00bbdefault\u00bb header_2_text_align=\u00bbcenter\u00bb header_2_text_color=\u00bb#FFFFFF\u00bb header_2_font_size=\u00bb48px\u00bb global_colors_info=\u00bb{}\u00bb]<\/p>\n<h2>Contacto<\/h2>\n<p>[\/et_pb_text][\/et_pb_column][\/et_pb_row][\/et_pb_section][et_pb_section fb_built=\u00bb1&#8243; _builder_version=\u00bb4.25.0&#8243; _module_preset=\u00bbdefault\u00bb global_colors_info=\u00bb{}\u00bb][et_pb_row _builder_version=\u00bb4.25.0&#8243; _module_preset=\u00bbdefault\u00bb global_colors_info=\u00bb{}\u00bb][et_pb_column type=\u00bb4_4&#8243; _builder_version=\u00bb4.25.0&#8243; _module_preset=\u00bbdefault\u00bb global_colors_info=\u00bb{}\u00bb][et_pb_text _builder_version=\u00bb4.25.0&#8243; _module_preset=\u00bbdefault\u00bb text_font=\u00bb|300|||||||\u00bb text_text_color=\u00bb#000000&#8243; text_font_size=\u00bb30px\u00bb text_line_height=\u00bb1.3em\u00bb text_orientation=\u00bbcenter\u00bb locked=\u00bboff\u00bb global_colors_info=\u00bb{}\u00bb]Comunicar es nuestra pasi\u00f3n. Si tiene historias, novedades o inquietudes que comunicar, pero no sabe c\u00f3mo: P\u00f3ngase en contacto con nosotros. Le escuchamos.[\/et_pb_text][\/et_pb_column][\/et_pb_row][\/et_pb_section][et_pb_section fb_built=\u00bb1&#8243; custom_padding_last_edited=\u00bbon|phone\u00bb _builder_version=\u00bb4.25.0&#8243; _module_preset=\u00bbdefault\u00bb custom_padding_tablet=\u00bb\u00bb custom_padding_phone=\u00bb0px||||false|false\u00bb locked=\u00bboff\u00bb global_colors_info=\u00bb{}\u00bb][et_pb_row column_structure=\u00bb3_5,2_5&#8243; use_custom_gutter=\u00bbon\u00bb gutter_width=\u00bb4&#8243; custom_padding_last_edited=\u00bbon|phone\u00bb _builder_version=\u00bb4.25.0&#8243; _module_preset=\u00bbdefault\u00bb max_width=\u00bb100%\u00bb custom_padding_tablet=\u00bb\u00bb custom_padding_phone=\u00bb0px||||false|false\u00bb global_colors_info=\u00bb{}\u00bb][et_pb_column type=\u00bb3_5&#8243; _builder_version=\u00bb4.25.0&#8243; _module_preset=\u00bbdefault\u00bb background_color=\u00bb#f7f7f7&#8243; custom_padding=\u00bb70px|35px|70px|35px|true|true\u00bb custom_padding_tablet=\u00bb70px|35px|70px|35px|true|true\u00bb custom_padding_phone=\u00bb70px|25px|70px|25px|true|true\u00bb custom_padding_last_edited=\u00bbon|phone\u00bb global_colors_info=\u00bb{}\u00bb][et_pb_contact_form use_spam_service=\u00bbon\u00bb recaptcha_list=\u00bbMillerquina-0&#8243; email=\u00bbCharlotte.Miller@millerquina.com\u00bb custom_message=\u00bb*** Millerquina Formulario contacto ***||et_pb_line_break_holder||||et_pb_line_break_holder||Nombre: %%Cnombre%%||et_pb_line_break_holder||||et_pb_line_break_holder||||et_pb_line_break_holder||Email: %%Cemail%%||et_pb_line_break_holder||||et_pb_line_break_holder||||et_pb_line_break_holder||C-Asunto: %%C-Asunto%%||et_pb_line_break_holder||||et_pb_line_break_holder||||et_pb_line_break_holder||Mensaje: %%Cmensaje%%\u00bb _builder_version=\u00bb4.25.0&#8243; _module_preset=\u00bbdefault\u00bb _unique_id=\u00bb71486d54-7e1f-49b0-980f-259cf8bc2ce1&#8243; captcha_text_color=\u00bb#000000&#8243; custom_button=\u00bbon\u00bb button_text_size=\u00bb16px\u00bb button_text_color=\u00bb#FFFFFF\u00bb button_bg_color=\u00bb#62b9af\u00bb button_border_width=\u00bb0px\u00bb button_border_radius=\u00bb8px\u00bb button_use_icon=\u00bboff\u00bb hover_enabled=\u00bb0&#8243; global_colors_info=\u00bb{}\u00bb button_bg_color__hover=\u00bb#00ba9e\u00bb button_bg_color__hover_enabled=\u00bbon|hover\u00bb sticky_enabled=\u00bb0&#8243;][et_pb_contact_field field_id=\u00bbCnombre\u00bb field_title=\u00bbSu nombre..*\u00bb fullwidth_field=\u00bbon\u00bb _builder_version=\u00bb4.25.0&#8243; form_field_background_color=\u00bb#FFFFFF\u00bb form_field_text_color=\u00bb#000000&#8243; form_field_font_size=\u00bb18px\u00bb background_enable_color=\u00bboff\u00bb border_radii=\u00bbon|10px|10px|10px|10px\u00bb border_width_all=\u00bb1px\u00bb border_color_all=\u00bb#d6d6d6&#8243; global_colors_info=\u00bb{}\u00bb button_text_size__hover_enabled=\u00bboff\u00bb button_one_text_size__hover_enabled=\u00bboff\u00bb button_two_text_size__hover_enabled=\u00bboff\u00bb button_text_color__hover_enabled=\u00bboff\u00bb button_one_text_color__hover_enabled=\u00bboff\u00bb button_two_text_color__hover_enabled=\u00bboff\u00bb button_border_width__hover_enabled=\u00bboff\u00bb button_one_border_width__hover_enabled=\u00bboff\u00bb button_two_border_width__hover_enabled=\u00bboff\u00bb button_border_color__hover_enabled=\u00bboff\u00bb button_one_border_color__hover_enabled=\u00bboff\u00bb button_two_border_color__hover_enabled=\u00bboff\u00bb button_border_radius__hover_enabled=\u00bboff\u00bb button_one_border_radius__hover_enabled=\u00bboff\u00bb button_two_border_radius__hover_enabled=\u00bboff\u00bb button_letter_spacing__hover_enabled=\u00bboff\u00bb button_one_letter_spacing__hover_enabled=\u00bboff\u00bb button_two_letter_spacing__hover_enabled=\u00bboff\u00bb button_bg_color__hover_enabled=\u00bboff\u00bb button_one_bg_color__hover_enabled=\u00bboff\u00bb button_two_bg_color__hover_enabled=\u00bboff\u00bb][\/et_pb_contact_field][et_pb_contact_field field_id=\u00bbCemail\u00bb field_title=\u00bbCorreo electr\u00f3nico..*\u00bb field_type=\u00bbemail\u00bb fullwidth_field=\u00bbon\u00bb _builder_version=\u00bb4.25.0&#8243; form_field_background_color=\u00bb#FFFFFF\u00bb form_field_text_color=\u00bb#000000&#8243; form_field_font_size=\u00bb17px\u00bb border_radii=\u00bbon|10px|10px|10px|10px\u00bb border_width_all=\u00bb1px\u00bb border_color_all=\u00bb#d6d6d6&#8243; global_colors_info=\u00bb{}\u00bb button_text_size__hover_enabled=\u00bboff\u00bb button_one_text_size__hover_enabled=\u00bboff\u00bb button_two_text_size__hover_enabled=\u00bboff\u00bb button_text_color__hover_enabled=\u00bboff\u00bb button_one_text_color__hover_enabled=\u00bboff\u00bb button_two_text_color__hover_enabled=\u00bboff\u00bb button_border_width__hover_enabled=\u00bboff\u00bb button_one_border_width__hover_enabled=\u00bboff\u00bb button_two_border_width__hover_enabled=\u00bboff\u00bb button_border_color__hover_enabled=\u00bboff\u00bb button_one_border_color__hover_enabled=\u00bboff\u00bb button_two_border_color__hover_enabled=\u00bboff\u00bb button_border_radius__hover_enabled=\u00bboff\u00bb button_one_border_radius__hover_enabled=\u00bboff\u00bb button_two_border_radius__hover_enabled=\u00bboff\u00bb button_letter_spacing__hover_enabled=\u00bboff\u00bb button_one_letter_spacing__hover_enabled=\u00bboff\u00bb button_two_letter_spacing__hover_enabled=\u00bboff\u00bb button_bg_color__hover_enabled=\u00bboff\u00bb button_one_bg_color__hover_enabled=\u00bboff\u00bb button_two_bg_color__hover_enabled=\u00bboff\u00bb][\/et_pb_contact_field][et_pb_contact_field field_id=\u00bbC-Asunto\u00bb field_title=\u00bbAsunto..*\u00bb fullwidth_field=\u00bbon\u00bb _builder_version=\u00bb4.25.0&#8243; _module_preset=\u00bbdefault\u00bb form_field_background_color=\u00bb#FFFFFF\u00bb form_field_text_color=\u00bb#000000&#8243; form_field_font_size=\u00bb18px\u00bb border_radii=\u00bbon|10px|10px|10px|10px\u00bb border_width_all=\u00bb1px\u00bb border_color_all=\u00bb#d6d6d6&#8243; global_colors_info=\u00bb{}\u00bb][\/et_pb_contact_field][et_pb_contact_field field_id=\u00bbCmensaje\u00bb field_title=\u00bbSu mensaje..*\u00bb field_type=\u00bbtext\u00bb fullwidth_field=\u00bbon\u00bb _builder_version=\u00bb4.25.0&#8243; form_field_background_color=\u00bb#FFFFFF\u00bb form_field_text_color=\u00bb#000000&#8243; form_field_font_size=\u00bb18px\u00bb border_radii=\u00bbon|10px|10px|10px|10px\u00bb border_width_all=\u00bb1px\u00bb border_color_all=\u00bb#d6d6d6&#8243; global_colors_info=\u00bb{}\u00bb button_text_size__hover_enabled=\u00bboff\u00bb button_one_text_size__hover_enabled=\u00bboff\u00bb button_two_text_size__hover_enabled=\u00bboff\u00bb button_text_color__hover_enabled=\u00bboff\u00bb button_one_text_color__hover_enabled=\u00bboff\u00bb button_two_text_color__hover_enabled=\u00bboff\u00bb button_border_width__hover_enabled=\u00bboff\u00bb button_one_border_width__hover_enabled=\u00bboff\u00bb button_two_border_width__hover_enabled=\u00bboff\u00bb button_border_color__hover_enabled=\u00bboff\u00bb button_one_border_color__hover_enabled=\u00bboff\u00bb button_two_border_color__hover_enabled=\u00bboff\u00bb button_border_radius__hover_enabled=\u00bboff\u00bb button_one_border_radius__hover_enabled=\u00bboff\u00bb button_two_border_radius__hover_enabled=\u00bboff\u00bb button_letter_spacing__hover_enabled=\u00bboff\u00bb button_one_letter_spacing__hover_enabled=\u00bboff\u00bb button_two_letter_spacing__hover_enabled=\u00bboff\u00bb button_bg_color__hover_enabled=\u00bboff\u00bb button_one_bg_color__hover_enabled=\u00bboff\u00bb button_two_bg_color__hover_enabled=\u00bboff\u00bb][\/et_pb_contact_field][et_pb_contact_field field_id=\u00bbVerificaci\u00f3n_pol\u00edticas\u00bb field_title=\u00bb*\u00bb field_type=\u00bbcheckbox\u00bb checkbox_options=\u00bb%91{%22value%22:%22Acepto expresamente mediante el presente envio de correo las pol\u00edticas de privacidad de la entidad de la web%22,%22checked%22:0,%22dragID%22:-1}%93&#8243; fullwidth_field=\u00bbon\u00bb _builder_version=\u00bb4.25.0&#8243; _module_preset=\u00bbdefault\u00bb form_field_background_color=\u00bb#FFFFFF\u00bb form_field_text_color=\u00bb#000000&#8243; form_field_font_size=\u00bb15px\u00bb form_field_line_height=\u00bb1.7em\u00bb border_radii=\u00bbon|10px|10px|10px|10px\u00bb border_width_all=\u00bb1px\u00bb border_color_all=\u00bb#d6d6d6&#8243; global_colors_info=\u00bb{}\u00bb][\/et_pb_contact_field][\/et_pb_contact_form][\/et_pb_column][et_pb_column type=\u00bb2_5&#8243; _builder_version=\u00bb4.25.0&#8243; _module_preset=\u00bbdefault\u00bb background_color=\u00bb#e9f5f1&#8243; custom_padding=\u00bb70px|70px|70px|70px|true|true\u00bb custom_padding_tablet=\u00bb70px|70px|70px|70px|true|true\u00bb custom_padding_phone=\u00bb70px|35px|70px|35px|true|true\u00bb custom_padding_last_edited=\u00bbon|phone\u00bb global_colors_info=\u00bb{}\u00bb][et_pb_text module_class=\u00bbbreak-redes\u00bb _builder_version=\u00bb4.25.0&#8243; _module_preset=\u00bbdefault\u00bb text_font=\u00bb|300|||||||\u00bb text_text_color=\u00bb#000000&#8243; text_font_size=\u00bb18px\u00bb text_line_height=\u00bb1.5em\u00bb header_5_font=\u00bb|600|||||||\u00bb header_5_text_align=\u00bbleft\u00bb header_5_text_color=\u00bb#000000&#8243; header_5_font_size=\u00bb25px\u00bb header_5_line_height=\u00bb1.5em\u00bb custom_css_free_form=\u00bb@media only screen and (min-width: 981px) and (max-width: 1366px) {||    \/* Estilos espec\u00edficos para tablets en horizontal *\/||  .break-redes {||    padding-bottom: 40px !important;||  }||}\u00bb global_colors_info=\u00bb{}\u00bb]<\/p>\n<h5>Contacto<\/h5>\n<p>Estaremos encantados de escuchar y entender sus necesidades<\/p>\n<p>[\/et_pb_text][et_pb_social_media_follow _builder_version=\u00bb4.25.0&#8243; _module_preset=\u00bbdefault\u00bb custom_margin=\u00bb-40px||||false|false\u00bb custom_margin_tablet=\u00bb0px||||false|false\u00bb custom_margin_phone=\u00bb0px||||false|false\u00bb custom_margin_last_edited=\u00bbon|tablet\u00bb locked=\u00bboff\u00bb global_colors_info=\u00bb{}\u00bb][et_pb_social_media_follow_network social_network=\u00bbinstagram\u00bb url=\u00bbhttps:\/\/www.instagram.com\/millerquina\/\u00bb icon_color=\u00bb#0C71C3&#8243; _builder_version=\u00bb4.25.0&#8243; _module_preset=\u00bbdefault\u00bb background_color=\u00bbRGBA(255,255,255,0)\u00bb background_enable_color=\u00bbon\u00bb custom_margin=\u00bb-59px||||false|false\u00bb custom_padding=\u00bb||||false|false\u00bb global_colors_info=\u00bb{}\u00bb follow_button=\u00bboff\u00bb url_new_window=\u00bbon\u00bb]instagram[\/et_pb_social_media_follow_network][et_pb_social_media_follow_network social_network=\u00bblinkedin\u00bb url=\u00bbhttps:\/\/www.linkedin.com\/in\/millerquina\/\u00bb icon_color=\u00bb#0C71C3&#8243; _builder_version=\u00bb4.25.0&#8243; _module_preset=\u00bbdefault\u00bb background_color=\u00bbRGBA(255,255,255,0)\u00bb background_enable_color=\u00bbon\u00bb global_colors_info=\u00bb{}\u00bb follow_button=\u00bboff\u00bb url_new_window=\u00bbon\u00bb]linkedin[\/et_pb_social_media_follow_network][\/et_pb_social_media_follow][et_pb_divider color=\u00bb#cecece\u00bb module_class=\u00bbbreak-redes\u00bb _builder_version=\u00bb4.25.0&#8243; _module_preset=\u00bbdefault\u00bb custom_margin=\u00bb-30px||||false|false\u00bb global_colors_info=\u00bb{}\u00bb][\/et_pb_divider][et_pb_text module_class=\u00bbbreak-redes\u00bb _builder_version=\u00bb4.25.0&#8243; _module_preset=\u00bbdefault\u00bb text_font=\u00bb|300|||||||\u00bb text_text_color=\u00bb#000000&#8243; text_font_size=\u00bb18px\u00bb text_line_height=\u00bb1.5em\u00bb header_5_font=\u00bb|600|||||||\u00bb header_5_text_align=\u00bbleft\u00bb header_5_text_color=\u00bb#000000&#8243; header_5_font_size=\u00bb25px\u00bb header_5_line_height=\u00bb1.5em\u00bb custom_margin=\u00bb-40px||||false|false\u00bb locked=\u00bboff\u00bb global_colors_info=\u00bb{}\u00bb]<\/p>\n<h5>Tel\u00e9fono<\/h5>\n<p>+34 678 07 91 48<\/p>\n<p>[\/et_pb_text][et_pb_divider color=\u00bb#cecece\u00bb _builder_version=\u00bb4.25.0&#8243; _module_preset=\u00bbdefault\u00bb custom_margin=\u00bb-30px||||false|false\u00bb custom_margin_tablet=\u00bb0px||||false|false\u00bb custom_margin_phone=\u00bb0px||||false|false\u00bb custom_margin_last_edited=\u00bbon|tablet\u00bb locked=\u00bboff\u00bb global_colors_info=\u00bb{}\u00bb][\/et_pb_divider][et_pb_text _builder_version=\u00bb4.25.0&#8243; _module_preset=\u00bbdefault\u00bb text_font=\u00bb|300|||||||\u00bb text_text_color=\u00bb#000000&#8243; text_font_size=\u00bb18px\u00bb text_line_height=\u00bb1.5em\u00bb header_5_font=\u00bb|600|||||||\u00bb header_5_text_align=\u00bbleft\u00bb header_5_text_color=\u00bb#000000&#8243; header_5_font_size=\u00bb25px\u00bb header_5_line_height=\u00bb1.5em\u00bb custom_margin=\u00bb-40px||||false|false\u00bb locked=\u00bboff\u00bb global_colors_info=\u00bb{}\u00bb]<\/p>\n<h5>Direcci\u00f3n<\/h5>\n<p>Avenida General Riera, 44, 1\u00baA, 07003 Palma de Mallorca, Espa\u00f1a[\/et_pb_text][\/et_pb_column][\/et_pb_row][\/et_pb_section]<\/p>\n","protected":false},"excerpt":{"rendered":"<p>ContactoComunicar es nuestra pasi\u00f3n. Si tiene historias, novedades o inquietudes que comunicar, pero no sabe c\u00f3mo: P\u00f3ngase en contacto con nosotros. Le escuchamos.Contacto Estaremos encantados de escuchar y entender sus necesidadesTel\u00e9fono +34 678 07 91 48Direcci\u00f3n Avenida General Riera, 44, 1\u00baA, 07003 Palma de Mallorca, Espa\u00f1a<\/p>","protected":false},"author":1,"featured_media":0,"parent":0,"menu_order":0,"comment_status":"closed","ping_status":"closed","template":"","meta":{"_et_pb_use_builder":"on","_et_pb_old_content":"","_et_gb_content_width":"","footnotes":""},"class_list":["post-345","page","type-page","status-publish","hentry"],"yoast_head":"<!-- This site is optimized with the Yoast SEO plugin v27.1.1 - https:\/\/yoast.com\/product\/yoast-seo-wordpress\/ -->\r\n<title>Contacto - Millerquina<\/title>\r\n<meta name=\"robots\" content=\"index, follow, max-snippet:-1, max-image-preview:large, max-video-preview:-1\" \/>\r\n<link rel=\"canonical\" href=\"https:\/\/millerquina.com\/en\/contacto\/\" \/>\r\n<meta property=\"og:locale\" content=\"en_GB\" \/>\r\n<meta property=\"og:type\" content=\"article\" \/>\r\n<meta property=\"og:title\" content=\"Contacto - Millerquina\" \/>\r\n<meta property=\"og:description\" content=\"ContactoComunicar es nuestra pasi\u00f3n. Si tiene historias, novedades o inquietudes que comunicar, pero no sabe c\u00f3mo: P\u00f3ngase en contacto con nosotros. Le escuchamos.Contacto Estaremos encantados de escuchar y entender sus necesidadesTel\u00e9fono +34 678 07 91 48Direcci\u00f3n Avenida General Riera, 44, 1\u00baA, 07003 Palma de Mallorca, Espa\u00f1a\" \/>\r\n<meta property=\"og:url\" content=\"https:\/\/millerquina.com\/en\/contacto\/\" \/>\r\n<meta property=\"og:site_name\" content=\"Millerquina\" \/>\r\n<meta property=\"article:modified_time\" content=\"2024-09-04T06:51:41+00:00\" \/>\r\n<meta name=\"twitter:card\" content=\"summary_large_image\" \/>\r\n<meta name=\"twitter:label1\" content=\"Estimated reading time\" \/>\n\t<meta name=\"twitter:data1\" content=\"9 minutes\" \/>\r\n<script type=\"application\/ld+json\" class=\"yoast-schema-graph\">{\"@context\":\"https:\/\/schema.org\",\"@graph\":[{\"@type\":\"WebPage\",\"@id\":\"https:\/\/millerquina.com\/contacto\/\",\"url\":\"https:\/\/millerquina.com\/contacto\/\",\"name\":\"Contacto - Millerquina\",\"isPartOf\":{\"@id\":\"https:\/\/millerquina.com\/#website\"},\"datePublished\":\"2024-08-07T10:24:59+00:00\",\"dateModified\":\"2024-09-04T06:51:41+00:00\",\"breadcrumb\":{\"@id\":\"https:\/\/millerquina.com\/contacto\/#breadcrumb\"},\"inLanguage\":\"en-GB\",\"potentialAction\":[{\"@type\":\"ReadAction\",\"target\":[\"https:\/\/millerquina.com\/contacto\/\"]}]},{\"@type\":\"BreadcrumbList\",\"@id\":\"https:\/\/millerquina.com\/contacto\/#breadcrumb\",\"itemListElement\":[{\"@type\":\"ListItem\",\"position\":1,\"name\":\"Portada\",\"item\":\"https:\/\/millerquina.com\/\"},{\"@type\":\"ListItem\",\"position\":2,\"name\":\"Contacto\"}]},{\"@type\":\"WebSite\",\"@id\":\"https:\/\/millerquina.com\/#website\",\"url\":\"https:\/\/millerquina.com\/\",\"name\":\"Millerquina\",\"description\":\"\",\"potentialAction\":[{\"@type\":\"SearchAction\",\"target\":{\"@type\":\"EntryPoint\",\"urlTemplate\":\"https:\/\/millerquina.com\/?s={search_term_string}\"},\"query-input\":{\"@type\":\"PropertyValueSpecification\",\"valueRequired\":true,\"valueName\":\"search_term_string\"}}],\"inLanguage\":\"en-GB\"}]}<\/script>\r\n<!-- \/ Yoast SEO plugin. -->","yoast_head_json":{"title":"Contacto - Millerquina","robots":{"index":"index","follow":"follow","max-snippet":"max-snippet:-1","max-image-preview":"max-image-preview:large","max-video-preview":"max-video-preview:-1"},"canonical":"https:\/\/millerquina.com\/en\/contacto\/","og_locale":"en_GB","og_type":"article","og_title":"Contacto - Millerquina","og_description":"ContactoComunicar es nuestra pasi\u00f3n. Si tiene historias, novedades o inquietudes que comunicar, pero no sabe c\u00f3mo: P\u00f3ngase en contacto con nosotros. Le escuchamos.Contacto Estaremos encantados de escuchar y entender sus necesidadesTel\u00e9fono +34 678 07 91 48Direcci\u00f3n Avenida General Riera, 44, 1\u00baA, 07003 Palma de Mallorca, Espa\u00f1a","og_url":"https:\/\/millerquina.com\/en\/contacto\/","og_site_name":"Millerquina","article_modified_time":"2024-09-04T06:51:41+00:00","twitter_card":"summary_large_image","twitter_misc":{"Estimated reading time":"9 minutes"},"schema":{"@context":"https:\/\/schema.org","@graph":[{"@type":"WebPage","@id":"https:\/\/millerquina.com\/contacto\/","url":"https:\/\/millerquina.com\/contacto\/","name":"Contacto - Millerquina","isPartOf":{"@id":"https:\/\/millerquina.com\/#website"},"datePublished":"2024-08-07T10:24:59+00:00","dateModified":"2024-09-04T06:51:41+00:00","breadcrumb":{"@id":"https:\/\/millerquina.com\/contacto\/#breadcrumb"},"inLanguage":"en-GB","potentialAction":[{"@type":"ReadAction","target":["https:\/\/millerquina.com\/contacto\/"]}]},{"@type":"BreadcrumbList","@id":"https:\/\/millerquina.com\/contacto\/#breadcrumb","itemListElement":[{"@type":"ListItem","position":1,"name":"Portada","item":"https:\/\/millerquina.com\/"},{"@type":"ListItem","position":2,"name":"Contacto"}]},{"@type":"WebSite","@id":"https:\/\/millerquina.com\/#website","url":"https:\/\/millerquina.com\/","name":"Millerquina","description":"","potentialAction":[{"@type":"SearchAction","target":{"@type":"EntryPoint","urlTemplate":"https:\/\/millerquina.com\/?s={search_term_string}"},"query-input":{"@type":"PropertyValueSpecification","valueRequired":true,"valueName":"search_term_string"}}],"inLanguage":"en-GB"}]}},"_links":{"self":[{"href":"https:\/\/millerquina.com\/en\/wp-json\/wp\/v2\/pages\/345","targetHints":{"allow":["GET"]}}],"collection":[{"href":"https:\/\/millerquina.com\/en\/wp-json\/wp\/v2\/pages"}],"about":[{"href":"https:\/\/millerquina.com\/en\/wp-json\/wp\/v2\/types\/page"}],"author":[{"embeddable":true,"href":"https:\/\/millerquina.com\/en\/wp-json\/wp\/v2\/users\/1"}],"replies":[{"embeddable":true,"href":"https:\/\/millerquina.com\/en\/wp-json\/wp\/v2\/comments?post=345"}],"version-history":[{"count":13,"href":"https:\/\/millerquina.com\/en\/wp-json\/wp\/v2\/pages\/345\/revisions"}],"predecessor-version":[{"id":932,"href":"https:\/\/millerquina.com\/en\/wp-json\/wp\/v2\/pages\/345\/revisions\/932"}],"wp:attachment":[{"href":"https:\/\/millerquina.com\/en\/wp-json\/wp\/v2\/media?parent=345"}],"curies":[{"name":"wp","href":"https:\/\/api.w.org\/{rel}","templated":true}]}}