{"id":327,"date":"2024-08-07T11:53:31","date_gmt":"2024-08-07T09:53:31","guid":{"rendered":"http:\/\/millerquina.com\/?page_id=327"},"modified":"2024-09-04T16:40:48","modified_gmt":"2024-09-04T14:40:48","slug":"blog","status":"publish","type":"page","link":"https:\/\/millerquina.com\/en\/blog\/","title":{"rendered":"Blog"},"content":{"rendered":"<p>[et_pb_section fb_built=\u00bb1&#8243; module_id=\u00bbblog\u00bb _builder_version=\u00bb4.25.0&#8243; _module_preset=\u00bbdefault\u00bb use_background_color_gradient=\u00bbon\u00bb background_color_gradient_direction=\u00bb150deg\u00bb background_color_gradient_stops=\u00bbrgba(0,0,0,0.1) 0%|rgba(0,0,0,0.37) 100%\u00bb background_color_gradient_overlays_image=\u00bbon\u00bb background_image=\u00bbhttp:\/\/millerquina.com\/wp-content\/uploads\/2024\/08\/Banner-typewriter.jpg\u00bb height=\u00bb50vh\u00bb custom_css_free_form=\u00bb@media only screen and (max-width: 1000px) and (orientation: landscape) {||    \/* Estilos espec\u00edficos para movil en horizontal *\/||  #blog {||    height: 100vh !important;||\t}||}\u00bb global_colors_info=\u00bb{}\u00bb][et_pb_row _builder_version=\u00bb4.25.0&#8243; _module_preset=\u00bbdefault\u00bb custom_padding=\u00bb||||false|false\u00bb locked=\u00bboff\u00bb global_colors_info=\u00bb{}\u00bb][et_pb_column type=\u00bb4_4&#8243; _builder_version=\u00bb4.25.0&#8243; _module_preset=\u00bbdefault\u00bb global_colors_info=\u00bb{}\u00bb][et_pb_text _builder_version=\u00bb4.25.0&#8243; _module_preset=\u00bbdefault\u00bb header_2_text_align=\u00bbcenter\u00bb header_2_text_color=\u00bb#FFFFFF\u00bb header_2_font_size=\u00bb48px\u00bb global_colors_info=\u00bb{}\u00bb]<\/p>\n<h2>Blog<\/h2>\n<p>[\/et_pb_text][\/et_pb_column][\/et_pb_row][\/et_pb_section][et_pb_section fb_built=\u00bb1&#8243; _builder_version=\u00bb4.25.0&#8243; _module_preset=\u00bbdefault\u00bb hover_enabled=\u00bb0&#8243; global_colors_info=\u00bb{}\u00bb sticky_enabled=\u00bb0&#8243; custom_margin=\u00bb|0px||0px|false|false\u00bb][et_pb_row column_structure=\u00bb1_3,1_3,1_3&#8243; custom_padding_last_edited=\u00bbon|phone\u00bb _builder_version=\u00bb4.25.0&#8243; _module_preset=\u00bbdefault\u00bb background_color=\u00bb#FFFFFF\u00bb width=\u00bb90%\u00bb max_width=\u00bb100%\u00bb custom_padding=\u00bb60px|60px|60px|60px|false|true\u00bb custom_padding_tablet=\u00bb60px|60px|60px|60px|false|true\u00bb custom_padding_phone=\u00bb0px|10px|0px|10px|true|true\u00bb hover_enabled=\u00bb0&#8243; locked=\u00bboff\u00bb global_colors_info=\u00bb{}\u00bb disabled_on=\u00bbon|on|on\u00bb disabled=\u00bbon\u00bb sticky_enabled=\u00bb0&#8243;][et_pb_column type=\u00bb1_3&#8243; _builder_version=\u00bb4.25.0&#8243; _module_preset=\u00bbdefault\u00bb global_colors_info=\u00bb{}\u00bb][et_pb_image src=\u00bbhttp:\/\/millerquina.com\/wp-content\/uploads\/2024\/08\/redaccion.png\u00bb title_text=\u00bbredaccion\u00bb _builder_version=\u00bb4.25.0&#8243; _module_preset=\u00bbdefault\u00bb global_colors_info=\u00bb{}\u00bb][\/et_pb_image][et_pb_text _builder_version=\u00bb4.25.0&#8243; _module_preset=\u00bbdefault\u00bb text_font=\u00bb|300|||||||\u00bb text_text_color=\u00bb#000000&#8243; text_font_size=\u00bb18px\u00bb text_line_height=\u00bb1.5em\u00bb header_5_text_color=\u00bb#000000&#8243; header_5_font_size=\u00bb25px\u00bb header_5_line_height=\u00bb1.3em\u00bb custom_padding=\u00bb||||false|false\u00bb locked=\u00bboff\u00bb global_colors_info=\u00bb{}\u00bb header_5_text_color__hover_enabled=\u00bbon|hover\u00bb header_5_text_color__hover=\u00bb#65baaf\u00bb]<\/p>\n<h5><a href=\"\/\/millerquina.com\/la-redaccion-el-arte-de-comunicar-con-eficacia\/\">La redacci\u00f3n: El arte de comunicar con eficacia.<\/a><\/h5>\n<p>En nuestra agencia de comunicaci\u00f3n en Mallorca, comprendemos que la redacci\u00f3n es un elemento fundamental para conectar con los clientes [&#8230;]<\/p>\n<p>[\/et_pb_text][et_pb_button button_url=\u00bb\/\/millerquina.com\/la-redaccion-el-arte-de-comunicar-con-eficacia\/\u00bb button_text=\u00bbLeer m\u00e1s\u00bb _builder_version=\u00bb4.25.0&#8243; _module_preset=\u00bbdefault\u00bb custom_button=\u00bbon\u00bb button_text_size=\u00bb15px\u00bb button_text_color=\u00bb#000000&#8243; button_border_width=\u00bb0px\u00bb button_border_radius=\u00bb3px\u00bb button_font=\u00bb|300|||||||\u00bb button_icon=\u00bb&#x35;||divi||400&#8243; button_on_hover=\u00bboff\u00bb custom_margin=\u00bb|||-10px|false|false\u00bb global_colors_info=\u00bb{}\u00bb button_text_color__hover_enabled=\u00bbon|hover\u00bb button_text_color__hover=\u00bb#65baaf\u00bb button_bg_color__hover_enabled=\u00bbon|hover\u00bb button_bg_color__hover=\u00bbRGBA(255,255,255,0)\u00bb button_bg_enable_color__hover=\u00bbon\u00bb][\/et_pb_button][\/et_pb_column][et_pb_column type=\u00bb1_3&#8243; _builder_version=\u00bb4.25.0&#8243; _module_preset=\u00bbdefault\u00bb global_colors_info=\u00bb{}\u00bb][et_pb_image src=\u00bbhttp:\/\/millerquina.com\/wp-content\/uploads\/2024\/08\/traduccion.png\u00bb title_text=\u00bbtraduccion\u00bb _builder_version=\u00bb4.25.0&#8243; _module_preset=\u00bbdefault\u00bb global_colors_info=\u00bb{}\u00bb][\/et_pb_image][et_pb_text _builder_version=\u00bb4.25.0&#8243; _module_preset=\u00bbdefault\u00bb text_font=\u00bb|300|||||||\u00bb text_text_color=\u00bb#000000&#8243; text_font_size=\u00bb18px\u00bb text_line_height=\u00bb1.5em\u00bb header_5_text_color=\u00bb#000000&#8243; header_5_font_size=\u00bb25px\u00bb header_5_line_height=\u00bb1.3em\u00bb custom_padding=\u00bb||||false|false\u00bb locked=\u00bboff\u00bb global_colors_info=\u00bb{}\u00bb header_5_text_color__hover_enabled=\u00bbon|hover\u00bb header_5_text_color__hover=\u00bb#65baaf\u00bb]<\/p>\n<h5><a href=\"http:\/\/millerquina.com\/la-importancia-de-la-traduccion-en-la-comunicacion-global\/\">La Importancia de la traducci\u00f3n en la comunicaci\u00f3n global.<\/a><\/h5>\n<p>En nuestra agencia de comunicaci\u00f3n en Mallorca, entendemos que la traducci\u00f3n es esencial para llegar a audiencias internacionales y promover [&#8230;]<\/p>\n<p>[\/et_pb_text][et_pb_button button_url=\u00bbhttp:\/\/millerquina.com\/la-importancia-de-la-traduccion-en-la-comunicacion-global\/\u00bb button_text=\u00bbLeer m\u00e1s\u00bb _builder_version=\u00bb4.25.0&#8243; _module_preset=\u00bbdefault\u00bb custom_button=\u00bbon\u00bb button_text_size=\u00bb15px\u00bb button_text_color=\u00bb#000000&#8243; button_border_width=\u00bb0px\u00bb button_border_radius=\u00bb3px\u00bb button_font=\u00bb|300|||||||\u00bb button_icon=\u00bb&#x35;||divi||400&#8243; button_on_hover=\u00bboff\u00bb custom_margin=\u00bb|||-10px|false|false\u00bb locked=\u00bboff\u00bb global_colors_info=\u00bb{}\u00bb button_text_color__hover_enabled=\u00bbon|hover\u00bb button_text_color__hover=\u00bb#65baaf\u00bb button_bg_color__hover=\u00bbRGBA(255,255,255,0)\u00bb button_bg_color__hover_enabled=\u00bbon|hover\u00bb][\/et_pb_button][\/et_pb_column][et_pb_column type=\u00bb1_3&#8243; _builder_version=\u00bb4.25.0&#8243; _module_preset=\u00bbdefault\u00bb global_colors_info=\u00bb{}\u00bb][et_pb_image src=\u00bbhttp:\/\/millerquina.com\/wp-content\/uploads\/2024\/08\/Sin-titulo-1.png\u00bb title_text=\u00bbSin-titulo-1&#8243; _builder_version=\u00bb4.25.0&#8243; _module_preset=\u00bbdefault\u00bb global_colors_info=\u00bb{}\u00bb][\/et_pb_image][et_pb_text _builder_version=\u00bb4.25.0&#8243; _module_preset=\u00bbdefault\u00bb text_font=\u00bb|300|||||||\u00bb text_text_color=\u00bb#000000&#8243; text_font_size=\u00bb18px\u00bb text_line_height=\u00bb1.5em\u00bb header_5_text_color=\u00bb#000000&#8243; header_5_font_size=\u00bb25px\u00bb header_5_line_height=\u00bb1.3em\u00bb custom_padding=\u00bb||||false|false\u00bb locked=\u00bboff\u00bb global_colors_info=\u00bb{}\u00bb header_5_text_color__hover_enabled=\u00bbon|hover\u00bb header_5_text_color__hover=\u00bb#65baaf\u00bb]<\/p>\n<h5><a href=\"http:\/\/millerquina.com\/comunicar-con-respeto-nuestra-mision-en-millerquina\/\">Comunicar con respeto: Nuestra misi\u00f3n en Millerquina.<\/a><\/h5>\n<p>Bienvenidos a nuestro blog. Somos una agencia de comunicaci\u00f3n arraigada en Mallorca con una mentalidad internacional. Nuestra misi\u00f3n es simple [&#8230;]<\/p>\n<p>[\/et_pb_text][et_pb_button button_url=\u00bbhttp:\/\/millerquina.com\/comunicar-con-respeto-nuestra-mision-en-millerquina\/\u00bb button_text=\u00bbLeer m\u00e1s\u00bb _builder_version=\u00bb4.25.0&#8243; _module_preset=\u00bbdefault\u00bb custom_button=\u00bbon\u00bb button_text_size=\u00bb15px\u00bb button_text_color=\u00bb#000000&#8243; button_border_width=\u00bb0px\u00bb button_border_radius=\u00bb3px\u00bb button_font=\u00bb|300|||||||\u00bb button_icon=\u00bb&#x35;||divi||400&#8243; button_on_hover=\u00bboff\u00bb custom_margin=\u00bb|||-10px|false|false\u00bb locked=\u00bboff\u00bb global_colors_info=\u00bb{}\u00bb button_text_color__hover_enabled=\u00bbon|hover\u00bb button_text_color__hover=\u00bb#65baaf\u00bb button_bg_color__hover=\u00bbRGBA(255,255,255,0)\u00bb button_bg_color__hover_enabled=\u00bbon|hover\u00bb][\/et_pb_button][\/et_pb_column][\/et_pb_row][et_pb_row _builder_version=\u00bb4.25.0&#8243; _module_preset=\u00bbdefault\u00bb width=\u00bb100%\u00bb width_tablet=\u00bb100%\u00bb width_phone=\u00bb100%\u00bb width_last_edited=\u00bbon|tablet\u00bb max_width=\u00bb1595px\u00bb max_width_tablet=\u00bb1600px\u00bb max_width_phone=\u00bb1600px\u00bb max_width_last_edited=\u00bbon|tablet\u00bb hover_enabled=\u00bb0&#8243; global_colors_info=\u00bb{}\u00bb make_equal=\u00bbon\u00bb sticky_enabled=\u00bb0&#8243;][et_pb_column type=\u00bb4_4&#8243; _builder_version=\u00bb4.25.0&#8243; _module_preset=\u00bbdefault\u00bb global_colors_info=\u00bb{}\u00bb][et_pb_blog fullwidth=\u00bboff\u00bb posts_number=\u00bb6&#8243; include_categories=\u00bball\u00bb use_manual_excerpt=\u00bboff\u00bb excerpt_length=\u00bb130&#8243; show_more=\u00bbon\u00bb show_author=\u00bboff\u00bb show_date=\u00bboff\u00bb show_categories=\u00bboff\u00bb _builder_version=\u00bb4.25.0&#8243; _module_preset=\u00bbdefault\u00bb header_font_size=\u00bb25px\u00bb header_line_height=\u00bb1.2em\u00bb body_font=\u00bb|300|||||||\u00bb body_font_size=\u00bb17px\u00bb body_line_height=\u00bb1.5em\u00bb meta_text_color=\u00bbRGBA(255,255,255,0)\u00bb meta_font_size=\u00bb13px\u00bb read_more_font=\u00bb|300|||||||\u00bb read_more_line_height=\u00bb2.5em\u00bb z_index=\u00bb65&#8243; hover_enabled=\u00bb0&#8243; border_color_all=\u00bbRGBA(255,255,255,0)\u00bb global_colors_info=\u00bb{}\u00bb sticky_enabled=\u00bb0&#8243; module_alignment=\u00bbcenter\u00bb custom_padding=\u00bb|||0px||\u00bb][\/et_pb_blog][\/et_pb_column][\/et_pb_row][\/et_pb_section]<\/p>\n","protected":false},"excerpt":{"rendered":"<p>BlogLa redacci\u00f3n: El arte de comunicar con eficacia. En nuestra agencia de comunicaci\u00f3n en Mallorca, comprendemos que la redacci\u00f3n es un elemento fundamental para conectar con los clientes [&#8230;]La Importancia de la traducci\u00f3n en la comunicaci\u00f3n global. En nuestra agencia de comunicaci\u00f3n en Mallorca, entendemos que la traducci\u00f3n es esencial para llegar a audiencias internacionales [&hellip;]<\/p>\n","protected":false},"author":1,"featured_media":0,"parent":0,"menu_order":0,"comment_status":"closed","ping_status":"closed","template":"","meta":{"_et_pb_use_builder":"on","_et_pb_old_content":"","_et_gb_content_width":"","footnotes":""},"class_list":["post-327","page","type-page","status-publish","hentry"],"yoast_head":"<!-- This site is optimized with the Yoast SEO plugin v27.1.1 - https:\/\/yoast.com\/product\/yoast-seo-wordpress\/ -->\r\n<title>Blog - Millerquina<\/title>\r\n<meta name=\"robots\" content=\"index, follow, max-snippet:-1, max-image-preview:large, max-video-preview:-1\" \/>\r\n<link rel=\"canonical\" href=\"https:\/\/millerquina.com\/en\/blog\/\" \/>\r\n<meta property=\"og:locale\" content=\"en_GB\" \/>\r\n<meta property=\"og:type\" content=\"article\" \/>\r\n<meta property=\"og:title\" content=\"Blog - Millerquina\" \/>\r\n<meta property=\"og:description\" content=\"BlogLa redacci\u00f3n: El arte de comunicar con eficacia. En nuestra agencia de comunicaci\u00f3n en Mallorca, comprendemos que la redacci\u00f3n es un elemento fundamental para conectar con los clientes [...]La Importancia de la traducci\u00f3n en la comunicaci\u00f3n global. En nuestra agencia de comunicaci\u00f3n en Mallorca, entendemos que la traducci\u00f3n es esencial para llegar a audiencias internacionales [&hellip;]\" \/>\r\n<meta property=\"og:url\" content=\"https:\/\/millerquina.com\/en\/blog\/\" \/>\r\n<meta property=\"og:site_name\" content=\"Millerquina\" \/>\r\n<meta property=\"article:modified_time\" content=\"2024-09-04T14:40:48+00:00\" \/>\r\n<meta name=\"twitter:card\" content=\"summary_large_image\" \/>\r\n<meta name=\"twitter:label1\" content=\"Estimated reading time\" \/>\n\t<meta name=\"twitter:data1\" content=\"5 minutes\" \/>\r\n<script type=\"application\/ld+json\" class=\"yoast-schema-graph\">{\"@context\":\"https:\/\/schema.org\",\"@graph\":[{\"@type\":\"WebPage\",\"@id\":\"https:\/\/millerquina.com\/blog\/\",\"url\":\"https:\/\/millerquina.com\/blog\/\",\"name\":\"Blog - Millerquina\",\"isPartOf\":{\"@id\":\"https:\/\/millerquina.com\/#website\"},\"datePublished\":\"2024-08-07T09:53:31+00:00\",\"dateModified\":\"2024-09-04T14:40:48+00:00\",\"breadcrumb\":{\"@id\":\"https:\/\/millerquina.com\/blog\/#breadcrumb\"},\"inLanguage\":\"en-GB\",\"potentialAction\":[{\"@type\":\"ReadAction\",\"target\":[\"https:\/\/millerquina.com\/blog\/\"]}]},{\"@type\":\"BreadcrumbList\",\"@id\":\"https:\/\/millerquina.com\/blog\/#breadcrumb\",\"itemListElement\":[{\"@type\":\"ListItem\",\"position\":1,\"name\":\"Portada\",\"item\":\"https:\/\/millerquina.com\/\"},{\"@type\":\"ListItem\",\"position\":2,\"name\":\"Blog\"}]},{\"@type\":\"WebSite\",\"@id\":\"https:\/\/millerquina.com\/#website\",\"url\":\"https:\/\/millerquina.com\/\",\"name\":\"Millerquina\",\"description\":\"\",\"potentialAction\":[{\"@type\":\"SearchAction\",\"target\":{\"@type\":\"EntryPoint\",\"urlTemplate\":\"https:\/\/millerquina.com\/?s={search_term_string}\"},\"query-input\":{\"@type\":\"PropertyValueSpecification\",\"valueRequired\":true,\"valueName\":\"search_term_string\"}}],\"inLanguage\":\"en-GB\"}]}<\/script>\r\n<!-- \/ Yoast SEO plugin. -->","yoast_head_json":{"title":"Blog - Millerquina","robots":{"index":"index","follow":"follow","max-snippet":"max-snippet:-1","max-image-preview":"max-image-preview:large","max-video-preview":"max-video-preview:-1"},"canonical":"https:\/\/millerquina.com\/en\/blog\/","og_locale":"en_GB","og_type":"article","og_title":"Blog - Millerquina","og_description":"BlogLa redacci\u00f3n: El arte de comunicar con eficacia. En nuestra agencia de comunicaci\u00f3n en Mallorca, comprendemos que la redacci\u00f3n es un elemento fundamental para conectar con los clientes [...]La Importancia de la traducci\u00f3n en la comunicaci\u00f3n global. En nuestra agencia de comunicaci\u00f3n en Mallorca, entendemos que la traducci\u00f3n es esencial para llegar a audiencias internacionales [&hellip;]","og_url":"https:\/\/millerquina.com\/en\/blog\/","og_site_name":"Millerquina","article_modified_time":"2024-09-04T14:40:48+00:00","twitter_card":"summary_large_image","twitter_misc":{"Estimated reading time":"5 minutes"},"schema":{"@context":"https:\/\/schema.org","@graph":[{"@type":"WebPage","@id":"https:\/\/millerquina.com\/blog\/","url":"https:\/\/millerquina.com\/blog\/","name":"Blog - Millerquina","isPartOf":{"@id":"https:\/\/millerquina.com\/#website"},"datePublished":"2024-08-07T09:53:31+00:00","dateModified":"2024-09-04T14:40:48+00:00","breadcrumb":{"@id":"https:\/\/millerquina.com\/blog\/#breadcrumb"},"inLanguage":"en-GB","potentialAction":[{"@type":"ReadAction","target":["https:\/\/millerquina.com\/blog\/"]}]},{"@type":"BreadcrumbList","@id":"https:\/\/millerquina.com\/blog\/#breadcrumb","itemListElement":[{"@type":"ListItem","position":1,"name":"Portada","item":"https:\/\/millerquina.com\/"},{"@type":"ListItem","position":2,"name":"Blog"}]},{"@type":"WebSite","@id":"https:\/\/millerquina.com\/#website","url":"https:\/\/millerquina.com\/","name":"Millerquina","description":"","potentialAction":[{"@type":"SearchAction","target":{"@type":"EntryPoint","urlTemplate":"https:\/\/millerquina.com\/?s={search_term_string}"},"query-input":{"@type":"PropertyValueSpecification","valueRequired":true,"valueName":"search_term_string"}}],"inLanguage":"en-GB"}]}},"_links":{"self":[{"href":"https:\/\/millerquina.com\/en\/wp-json\/wp\/v2\/pages\/327","targetHints":{"allow":["GET"]}}],"collection":[{"href":"https:\/\/millerquina.com\/en\/wp-json\/wp\/v2\/pages"}],"about":[{"href":"https:\/\/millerquina.com\/en\/wp-json\/wp\/v2\/types\/page"}],"author":[{"embeddable":true,"href":"https:\/\/millerquina.com\/en\/wp-json\/wp\/v2\/users\/1"}],"replies":[{"embeddable":true,"href":"https:\/\/millerquina.com\/en\/wp-json\/wp\/v2\/comments?post=327"}],"version-history":[{"count":26,"href":"https:\/\/millerquina.com\/en\/wp-json\/wp\/v2\/pages\/327\/revisions"}],"predecessor-version":[{"id":1002,"href":"https:\/\/millerquina.com\/en\/wp-json\/wp\/v2\/pages\/327\/revisions\/1002"}],"wp:attachment":[{"href":"https:\/\/millerquina.com\/en\/wp-json\/wp\/v2\/media?parent=327"}],"curies":[{"name":"wp","href":"https:\/\/api.w.org\/{rel}","templated":true}]}}